{"id":425,"date":"2015-07-13T23:41:34","date_gmt":"2015-07-13T21:41:34","guid":{"rendered":"http:\/\/www.donnainfedele.com\/blog\/?page_id=425"},"modified":"2015-07-14T01:18:42","modified_gmt":"2015-07-13T23:18:42","slug":"donne-infedeli-a-roma-nord","status":"publish","type":"page","link":"https:\/\/www.donnainfedele.com\/blog\/donne-infedeli-a-roma-nord\/","title":{"rendered":"Donne infedeli a Roma Nord"},"content":{"rendered":"<h2>Quando le romane vogliono tradire&#8230;<\/h2>\n<p>Dai\u00a0quartieri bene di <strong>Roma Nord<\/strong> fino a Ponte Mammolo e ai margini della citt\u00e0, Roma \u00e8 tutto un incastro di complesse realt\u00e0 urbane, dove migliaia di persone tutti i giorni si incontrano e si scontrano. Ah se potessimo contare quanti amori nuovi ogni ora! E quante <strong>donne infedeli a Roma Nord<\/strong> che cercano disperatamente un briciolo di passione, o un pizzico di follia per ritrovare la gioia di vivere! Ma tutte queste donne oggi, hanno una nuova possibilit\u00e0: rivolgersi al web per esporre senza pudori i loro desideri e chiedere un aiuto molto speciale&#8230;<\/p>\n<h2>Trasgredire dopo il matrimonio<\/h2>\n<p>Si fa, ma non si dice. E\u00a0la percentuale di tradimenti in Italia \u00e8 in vertiginoso aumento, complice la precariet\u00e0 economica e le mille tentazioni cui siamo sottoposti. Perch\u00e9\u00a0oggi\u00a0le donne vogliono trasgredire anche da sposate? Non solo perch\u00e8 la parit\u00e0 dei sessi \u00e8 oramai un dato di fatto, ma anche per ovviare alle lacune dei loro rapporti di coppia, spesso noiosi e insoddisfacenti. E se alcune si accontentano del <a title=\"tradimento virtuale a Roma\" href=\"https:\/\/www.donnainfedele.com\/blog\/tradimento-virtuale\/\" target=\"_blank\">tradimento virtuale<\/a>, altre invece preferiscono tradire di persona!<\/p>\n<h2>Incontri piccanti su Donnainfedele<\/h2>\n<p>Donnainfedele \u00e8 un sito con un obiettivo preciso: dare alle donne impegnate la possibilit\u00e0 di realizzare i loro desideri, anche i pi\u00f9 trasgressivi. Un portale efficiente e sicuro per mettere in contatto uomini e donne che intendono tradire, per fare incontri piccanti ma anche semplicemente chiacchierare o giocare con un po&#8217; di <a title=\"sexting e tradimento\" href=\"http:\/\/it.wikipedia.org\/wiki\/Sexting\" target=\"_blank\">sexting<\/a>. Perch\u00e8 la vita merita di essere assaporata, momento dopo momento, cogliendo tutte le migliori occasioni&#8230;<\/p>\n<h2>Conosci\u00a0donne impegnate di Roma Nord<\/h2>\n<p>Hai sempre desiderato incontrare donne fidanzate o sposate a Roma Nord ma non hai mai saputo dove trovarle? Ora ti bastano pochi clic, e l&#8217;iscrizione a Donnainfedele. Migliaia di donne romane insoddisfatte attendono solo te, le tue attenzioni e il tuo calore, per lasciarsi andare e concedersi nuove eccitanti parentesi di relax! Non ci credi? Entra e verifica, ti sorprender\u00e0 scoprire quante donne coniugate della Capitale sono pronte a incontrare uomini!<\/p>\n<hr \/>\n<p>&nbsp;<\/p>\n<h3 style=\"text-align: right;\">Beatrice, 33 anni, Roma Monte Sacro<\/h3>\n<blockquote><p>Se me lo avessero detto un paio d&#8217;anni fa non ci avrei creduto. Perch\u00e9 non mi sono mai fidata degli incontri online, forse per abitudine. Qualcosa \u00e8 cambiato quando \u00e8 cambiata la relazione con il mio compagno ed \u00e8 subentrata la noia. Cos\u00ec, un po&#8217; per gioco un po&#8217; per curiosit\u00e0, sono finita su Donnainfedele. E dire che il sito mi ha sorpreso \u00e8 dire davvero poco!<\/p><\/blockquote>\n<h3 style=\"text-align: right;\">Mirko, 39 anni, Roma Battistini<\/h3>\n<blockquote><p>Le romane quando vogliono tradire sono davvero focose e passionali! Come l&#8217;ho scoperto? Iscrivendomi al sito! Non avevo mai visto cos\u00ec tante donne assieme che dichiarano di voler tradire e si mettono online senza vergogna, anzi raccontando i loro desideri pi\u00f9 intimi&#8230; che altro aggiungere, sono qua per voi!<\/p><\/blockquote>\n<h3 style=\"text-align: right;\">Francesco, \u00a027 anni, Roma Parioli<\/h3>\n<blockquote><p>Anch&#8217;io come tanti che frequentano Donnainfedele ho una fidanzata. Un rapporto che va avanti tra alti e bassi, mentre mi guardo intorno per capire cosa succede intorno a me. Mi guardo intorno significa che parlo volentieri con le iscritte al sito. E vi confesso una cosa: in un mese di frequentazioni ho incontrato gi\u00e0 due donne infedeli romane. Cos&#8217;\u00e8 successo? Segreto&#8230;<\/p><\/blockquote>\n","protected":false},"excerpt":{"rendered":"<p>Quando le romane vogliono tradire&#8230; Dai\u00a0quartieri bene di Roma Nord fino a Ponte Mammolo e ai margini della citt\u00e0, Roma \u00e8 tutto un incastro di complesse [&hellip;]<\/p>\n","protected":false},"author":1,"featured_media":0,"parent":0,"menu_order":0,"comment_status":"open","ping_status":"open","template":"","meta":{"spay_email":"","footnotes":""},"class_list":["post-425","page","type-page","status-publish","hentry"],"yoast_head":"<!-- This site is optimized with the Yoast SEO plugin v18.4.1 - https:\/\/yoast.com\/wordpress\/plugins\/seo\/ -->\n<title>Donne infedeli a Roma Nord - Blog del Tradimento<\/title>\n<meta name=\"description\" content=\"Sai cosa cercano le donne infedeli a Roma Nord? Quello che cerchi anche tu: passione, trasgressione, libert\u00e0 e un pizzico di follia che accende la vita.\" \/>\n<meta name=\"robots\" content=\"index, follow, max-snippet:-1, max-image-preview:large, max-video-preview:-1\" \/>\n<link rel=\"canonical\" href=\"https:\/\/www.donnainfedele.com\/blog\/donne-infedeli-a-roma-nord\/\" \/>\n<meta property=\"og:locale\" content=\"it_IT\" \/>\n<meta property=\"og:type\" content=\"article\" \/>\n<meta property=\"og:title\" content=\"Donne infedeli a Roma Nord - Blog del Tradimento\" \/>\n<meta property=\"og:description\" content=\"Sai cosa cercano le donne infedeli a Roma Nord? Quello che cerchi anche tu: passione, trasgressione, libert\u00e0 e un pizzico di follia che accende la vita.\" \/>\n<meta property=\"og:url\" content=\"https:\/\/www.donnainfedele.com\/blog\/donne-infedeli-a-roma-nord\/\" \/>\n<meta property=\"og:site_name\" content=\"Blog del Tradimento\" \/>\n<meta property=\"article:modified_time\" content=\"2015-07-13T23:18:42+00:00\" \/>\n<meta name=\"twitter:label1\" content=\"Tempo di lettura stimato\" \/>\n\t<meta name=\"twitter:data1\" content=\"3 minuti\" \/>\n<script type=\"application\/ld+json\" class=\"yoast-schema-graph\">{\"@context\":\"https:\/\/schema.org\",\"@graph\":[{\"@type\":\"WebSite\",\"@id\":\"https:\/\/www.donnainfedele.com\/blog\/#website\",\"url\":\"https:\/\/www.donnainfedele.com\/blog\/\",\"name\":\"Blog del Tradimento\",\"description\":\"Le donne sposate e infedeli in cerca di uomini sposati e single\",\"potentialAction\":[{\"@type\":\"SearchAction\",\"target\":{\"@type\":\"EntryPoint\",\"urlTemplate\":\"https:\/\/www.donnainfedele.com\/blog\/?s={search_term_string}\"},\"query-input\":\"required name=search_term_string\"}],\"inLanguage\":\"it-IT\"},{\"@type\":\"WebPage\",\"@id\":\"https:\/\/www.donnainfedele.com\/blog\/donne-infedeli-a-roma-nord\/#webpage\",\"url\":\"https:\/\/www.donnainfedele.com\/blog\/donne-infedeli-a-roma-nord\/\",\"name\":\"Donne infedeli a Roma Nord - Blog del Tradimento\",\"isPartOf\":{\"@id\":\"https:\/\/www.donnainfedele.com\/blog\/#website\"},\"datePublished\":\"2015-07-13T21:41:34+00:00\",\"dateModified\":\"2015-07-13T23:18:42+00:00\",\"description\":\"Sai cosa cercano le donne infedeli a Roma Nord? Quello che cerchi anche tu: passione, trasgressione, libert\u00e0 e un pizzico di follia che accende la vita.\",\"breadcrumb\":{\"@id\":\"https:\/\/www.donnainfedele.com\/blog\/donne-infedeli-a-roma-nord\/#breadcrumb\"},\"inLanguage\":\"it-IT\",\"potentialAction\":[{\"@type\":\"ReadAction\",\"target\":[\"https:\/\/www.donnainfedele.com\/blog\/donne-infedeli-a-roma-nord\/\"]}]},{\"@type\":\"BreadcrumbList\",\"@id\":\"https:\/\/www.donnainfedele.com\/blog\/donne-infedeli-a-roma-nord\/#breadcrumb\",\"itemListElement\":[{\"@type\":\"ListItem\",\"position\":1,\"name\":\"Home\",\"item\":\"https:\/\/www.donnainfedele.com\/blog\/\"},{\"@type\":\"ListItem\",\"position\":2,\"name\":\"Donne infedeli a Roma Nord\"}]}]}<\/script>\n<!-- \/ Yoast SEO plugin. -->","yoast_head_json":{"title":"Donne infedeli a Roma Nord - Blog del Tradimento","description":"Sai cosa cercano le donne infedeli a Roma Nord? Quello che cerchi anche tu: passione, trasgressione, libert\u00e0 e un pizzico di follia che accende la vita.","robots":{"index":"index","follow":"follow","max-snippet":"max-snippet:-1","max-image-preview":"max-image-preview:large","max-video-preview":"max-video-preview:-1"},"canonical":"https:\/\/www.donnainfedele.com\/blog\/donne-infedeli-a-roma-nord\/","og_locale":"it_IT","og_type":"article","og_title":"Donne infedeli a Roma Nord - Blog del Tradimento","og_description":"Sai cosa cercano le donne infedeli a Roma Nord? Quello che cerchi anche tu: passione, trasgressione, libert\u00e0 e un pizzico di follia che accende la vita.","og_url":"https:\/\/www.donnainfedele.com\/blog\/donne-infedeli-a-roma-nord\/","og_site_name":"Blog del Tradimento","article_modified_time":"2015-07-13T23:18:42+00:00","twitter_misc":{"Tempo di lettura stimato":"3 minuti"},"schema":{"@context":"https:\/\/schema.org","@graph":[{"@type":"WebSite","@id":"https:\/\/www.donnainfedele.com\/blog\/#website","url":"https:\/\/www.donnainfedele.com\/blog\/","name":"Blog del Tradimento","description":"Le donne sposate e infedeli in cerca di uomini sposati e single","potentialAction":[{"@type":"SearchAction","target":{"@type":"EntryPoint","urlTemplate":"https:\/\/www.donnainfedele.com\/blog\/?s={search_term_string}"},"query-input":"required name=search_term_string"}],"inLanguage":"it-IT"},{"@type":"WebPage","@id":"https:\/\/www.donnainfedele.com\/blog\/donne-infedeli-a-roma-nord\/#webpage","url":"https:\/\/www.donnainfedele.com\/blog\/donne-infedeli-a-roma-nord\/","name":"Donne infedeli a Roma Nord - Blog del Tradimento","isPartOf":{"@id":"https:\/\/www.donnainfedele.com\/blog\/#website"},"datePublished":"2015-07-13T21:41:34+00:00","dateModified":"2015-07-13T23:18:42+00:00","description":"Sai cosa cercano le donne infedeli a Roma Nord? Quello che cerchi anche tu: passione, trasgressione, libert\u00e0 e un pizzico di follia che accende la vita.","breadcrumb":{"@id":"https:\/\/www.donnainfedele.com\/blog\/donne-infedeli-a-roma-nord\/#breadcrumb"},"inLanguage":"it-IT","potentialAction":[{"@type":"ReadAction","target":["https:\/\/www.donnainfedele.com\/blog\/donne-infedeli-a-roma-nord\/"]}]},{"@type":"BreadcrumbList","@id":"https:\/\/www.donnainfedele.com\/blog\/donne-infedeli-a-roma-nord\/#breadcrumb","itemListElement":[{"@type":"ListItem","position":1,"name":"Home","item":"https:\/\/www.donnainfedele.com\/blog\/"},{"@type":"ListItem","position":2,"name":"Donne infedeli a Roma Nord"}]}]}},"jetpack_sharing_enabled":true,"jetpack_shortlink":"https:\/\/wp.me\/P9HlMc-6R","_links":{"self":[{"href":"https:\/\/www.donnainfedele.com\/blog\/wp-json\/wp\/v2\/pages\/425","targetHints":{"allow":["GET"]}}],"collection":[{"href":"https:\/\/www.donnainfedele.com\/blog\/wp-json\/wp\/v2\/pages"}],"about":[{"href":"https:\/\/www.donnainfedele.com\/blog\/wp-json\/wp\/v2\/types\/page"}],"author":[{"embeddable":true,"href":"https:\/\/www.donnainfedele.com\/blog\/wp-json\/wp\/v2\/users\/1"}],"replies":[{"embeddable":true,"href":"https:\/\/www.donnainfedele.com\/blog\/wp-json\/wp\/v2\/comments?post=425"}],"version-history":[{"count":3,"href":"https:\/\/www.donnainfedele.com\/blog\/wp-json\/wp\/v2\/pages\/425\/revisions"}],"predecessor-version":[{"id":434,"href":"https:\/\/www.donnainfedele.com\/blog\/wp-json\/wp\/v2\/pages\/425\/revisions\/434"}],"wp:attachment":[{"href":"https:\/\/www.donnainfedele.com\/blog\/wp-json\/wp\/v2\/media?parent=425"}],"curies":[{"name":"wp","href":"https:\/\/api.w.org\/{rel}","templated":true}]}}