{"id":437,"date":"2015-07-14T01:33:14","date_gmt":"2015-07-13T23:33:14","guid":{"rendered":"http:\/\/www.donnainfedele.com\/blog\/?page_id=437"},"modified":"2015-07-14T01:46:42","modified_gmt":"2015-07-13T23:46:42","slug":"conosci-vere-donne-infedeli-a-napoli","status":"publish","type":"page","link":"https:\/\/www.donnainfedele.com\/blog\/conosci-vere-donne-infedeli-a-napoli\/","title":{"rendered":"Conosci vere donne infedeli a Napoli"},"content":{"rendered":"<h2>Incontra donne napoletane che tradiscono<\/h2>\n<p>Veraci e calde come il magma del Vesuvio le donne napoletane sono un concentrato di energia, sensualit\u00e0 e vitalit\u00e0. Per questa ragione non \u00e8 difficile trovare<strong> donne infedeli a Napoli<\/strong>, bellissime ragazze e donne mediterranee insoddisfatte dal rapporto di coppia ed in cerca di una nuova iniezione di vita. Ok, ma dove conoscere queste donne? Non preoccuparti, non serve scendere in strada: le donne infedeli, oggi, preferiscono conoscere e tradire affidandosi al web!<\/p>\n<h2>I peccati delle donne mediterranee<\/h2>\n<p>Complice anche il clima le donne mediterranee sono tra le pi\u00f9 monelle d&#8217;Europa. Ma tradire oggi non significa solo incontrarsi in motel. Le frontiere dell&#8217;infedelt\u00e0 si sono aperte, e nuovi mondi si aprono a chi esplora il magico universo del peccato extraconiugale. Qualche esempio? Le donne meridionali adorano il <a title=\"sexting al sud\" href=\"https:\/\/www.donnainfedele.com\/blog\/sexting-tradimento\/\" target=\"_blank\">sexting<\/a>, ovvero flirtare online con persone appena conosciute. Ma non si limitano alle chattate monelle, perch\u00e8 con gli argomenti giusti sanno anche passare ai fatti!<\/p>\n<h2>Donnainfedele, per esplorare nuovi orizzonti<\/h2>\n<p>Se sognavi un sito dove incontrare solo donne infedeli, ora puoi aprire gli occhi. Questo sito esiste ed \u00e8 infatti popolato solo da vere donne che cercano incontri extraconiugali. Chi sono? Neo adultere, milf molto passionali ma anche ragazze insoddisfatte e amanti degli incontri anonimi. Il gioco \u00e8 semplice: ci si iscrive gratuitamente, si compila un buon profilo e si d\u00e0 uno sguardo ai profili femminili: la scelta \u00e8 veramente impressionante, e non ti resta che provare di persona!<\/p>\n<h2>Scopri come conoscere donne infedeli a Napoli<\/h2>\n<p>Se adori le donne napoletane, qui sei nel posto giusto. Perch\u00e9 le napoletane che tradiscono hanno quella marcia in pi\u00f9, quella verve e passionalit\u00e0 che solo le donne insoddisfatte e vogliose sanno mettere in un rapporto. Ti sorprender\u00e0 scoprire quante donne napoletane impegnate vogliono tradire, oltre a condividere le loro fantasie pi\u00f9 segrete e spinte. Che ne dici, \u00e8 il caso di dare un&#8217;occhiata al sito?<\/p>\n<hr \/>\n<p>&nbsp;<\/p>\n<h3 style=\"text-align: right;\">Marzia, 40 anni, Vomero<\/h3>\n<blockquote><p>Ho tradito per la prima volta proprio grazie a Donnainfedele. E&#8217; stata un&#8217;esperienza strana, molto eccitante ma diversa da tutto quel che avevo vissuto prima. Sensi di colpa? Pochi! So che anche mio marito ha le sue scappatelle, e sinceramente volevo potermi divertire come lui senza problemi. Perch\u00e9 certe cose dovrebbero farle solo gli uomini?<\/p><\/blockquote>\n<h3 style=\"text-align: right;\">Gennaro, 37 anni, Posillipo<\/h3>\n<blockquote><p>Napoli \u00e8 una citt\u00e0 magnifica ma trovare vere milf e donne infedeli in giro non \u00e8 facile. Queste ragazze e signore infatti amano nascondersi, ma un sito come Donnainfedele mi ha aiutato a scoprire un vero mondo sotterraneo, con tutte queste bellissime donne molto dirette quando parlano e che vogliono subito incontrare!<\/p><\/blockquote>\n<h3 style=\"text-align: right;\">Imma, 28 anni, Napoli centro<\/h3>\n<blockquote><p>Io sono una di quelle che si \u00e8 iscritta al sito &#8220;per curiosit\u00e0&#8221;. Lo so, dicono tutte cos\u00ec, ma poi cadere in tentazione \u00e8 davvero facile, scoprendo un lato di s\u00e9 che proprio non si sospetta. Sono fidanzata da 7 anni e sinceramente vorrei capire se continuare o meno questo rapporto. Intanto faccio i miei test conoscendo persone sul sito.. Ah, se avete proposte interessanti non fatevi problemi a contattarmi!<\/p><\/blockquote>\n<p>&nbsp;<\/p>\n<p>&nbsp;<\/p>\n","protected":false},"excerpt":{"rendered":"<p>Incontra donne napoletane che tradiscono Veraci e calde come il magma del Vesuvio le donne napoletane sono un concentrato di energia, sensualit\u00e0 e vitalit\u00e0. Per questa [&hellip;]<\/p>\n","protected":false},"author":1,"featured_media":0,"parent":0,"menu_order":0,"comment_status":"open","ping_status":"open","template":"","meta":{"spay_email":"","footnotes":""},"class_list":["post-437","page","type-page","status-publish","hentry"],"yoast_head":"<!-- This site is optimized with the Yoast SEO plugin v18.4.1 - https:\/\/yoast.com\/wordpress\/plugins\/seo\/ -->\n<title>Conosci vere donne infedeli a Napoli - Blog del Tradimento<\/title>\n<meta name=\"description\" content=\"Ti piacerebbe incontrare vere donne infedeli a Napoli? Scopri cosa fanno le napoletane quando vogliono tradire e come conoscerle facilmente.\" \/>\n<meta name=\"robots\" content=\"index, follow, max-snippet:-1, max-image-preview:large, max-video-preview:-1\" \/>\n<link rel=\"canonical\" href=\"https:\/\/www.donnainfedele.com\/blog\/conosci-vere-donne-infedeli-a-napoli\/\" \/>\n<meta property=\"og:locale\" content=\"it_IT\" \/>\n<meta property=\"og:type\" content=\"article\" \/>\n<meta property=\"og:title\" content=\"Conosci vere donne infedeli a Napoli - Blog del Tradimento\" \/>\n<meta property=\"og:description\" content=\"Ti piacerebbe incontrare vere donne infedeli a Napoli? Scopri cosa fanno le napoletane quando vogliono tradire e come conoscerle facilmente.\" \/>\n<meta property=\"og:url\" content=\"https:\/\/www.donnainfedele.com\/blog\/conosci-vere-donne-infedeli-a-napoli\/\" \/>\n<meta property=\"og:site_name\" content=\"Blog del Tradimento\" \/>\n<meta property=\"article:modified_time\" content=\"2015-07-13T23:46:42+00:00\" \/>\n<meta name=\"twitter:label1\" content=\"Tempo di lettura stimato\" \/>\n\t<meta name=\"twitter:data1\" content=\"2 minuti\" \/>\n<script type=\"application\/ld+json\" class=\"yoast-schema-graph\">{\"@context\":\"https:\/\/schema.org\",\"@graph\":[{\"@type\":\"WebSite\",\"@id\":\"https:\/\/www.donnainfedele.com\/blog\/#website\",\"url\":\"https:\/\/www.donnainfedele.com\/blog\/\",\"name\":\"Blog del Tradimento\",\"description\":\"Le donne sposate e infedeli in cerca di uomini sposati e single\",\"potentialAction\":[{\"@type\":\"SearchAction\",\"target\":{\"@type\":\"EntryPoint\",\"urlTemplate\":\"https:\/\/www.donnainfedele.com\/blog\/?s={search_term_string}\"},\"query-input\":\"required name=search_term_string\"}],\"inLanguage\":\"it-IT\"},{\"@type\":\"WebPage\",\"@id\":\"https:\/\/www.donnainfedele.com\/blog\/conosci-vere-donne-infedeli-a-napoli\/#webpage\",\"url\":\"https:\/\/www.donnainfedele.com\/blog\/conosci-vere-donne-infedeli-a-napoli\/\",\"name\":\"Conosci vere donne infedeli a Napoli - Blog del Tradimento\",\"isPartOf\":{\"@id\":\"https:\/\/www.donnainfedele.com\/blog\/#website\"},\"datePublished\":\"2015-07-13T23:33:14+00:00\",\"dateModified\":\"2015-07-13T23:46:42+00:00\",\"description\":\"Ti piacerebbe incontrare vere donne infedeli a Napoli? Scopri cosa fanno le napoletane quando vogliono tradire e come conoscerle facilmente.\",\"breadcrumb\":{\"@id\":\"https:\/\/www.donnainfedele.com\/blog\/conosci-vere-donne-infedeli-a-napoli\/#breadcrumb\"},\"inLanguage\":\"it-IT\",\"potentialAction\":[{\"@type\":\"ReadAction\",\"target\":[\"https:\/\/www.donnainfedele.com\/blog\/conosci-vere-donne-infedeli-a-napoli\/\"]}]},{\"@type\":\"BreadcrumbList\",\"@id\":\"https:\/\/www.donnainfedele.com\/blog\/conosci-vere-donne-infedeli-a-napoli\/#breadcrumb\",\"itemListElement\":[{\"@type\":\"ListItem\",\"position\":1,\"name\":\"Home\",\"item\":\"https:\/\/www.donnainfedele.com\/blog\/\"},{\"@type\":\"ListItem\",\"position\":2,\"name\":\"Conosci vere donne infedeli a Napoli\"}]}]}<\/script>\n<!-- \/ Yoast SEO plugin. -->","yoast_head_json":{"title":"Conosci vere donne infedeli a Napoli - Blog del Tradimento","description":"Ti piacerebbe incontrare vere donne infedeli a Napoli? Scopri cosa fanno le napoletane quando vogliono tradire e come conoscerle facilmente.","robots":{"index":"index","follow":"follow","max-snippet":"max-snippet:-1","max-image-preview":"max-image-preview:large","max-video-preview":"max-video-preview:-1"},"canonical":"https:\/\/www.donnainfedele.com\/blog\/conosci-vere-donne-infedeli-a-napoli\/","og_locale":"it_IT","og_type":"article","og_title":"Conosci vere donne infedeli a Napoli - Blog del Tradimento","og_description":"Ti piacerebbe incontrare vere donne infedeli a Napoli? Scopri cosa fanno le napoletane quando vogliono tradire e come conoscerle facilmente.","og_url":"https:\/\/www.donnainfedele.com\/blog\/conosci-vere-donne-infedeli-a-napoli\/","og_site_name":"Blog del Tradimento","article_modified_time":"2015-07-13T23:46:42+00:00","twitter_misc":{"Tempo di lettura stimato":"2 minuti"},"schema":{"@context":"https:\/\/schema.org","@graph":[{"@type":"WebSite","@id":"https:\/\/www.donnainfedele.com\/blog\/#website","url":"https:\/\/www.donnainfedele.com\/blog\/","name":"Blog del Tradimento","description":"Le donne sposate e infedeli in cerca di uomini sposati e single","potentialAction":[{"@type":"SearchAction","target":{"@type":"EntryPoint","urlTemplate":"https:\/\/www.donnainfedele.com\/blog\/?s={search_term_string}"},"query-input":"required name=search_term_string"}],"inLanguage":"it-IT"},{"@type":"WebPage","@id":"https:\/\/www.donnainfedele.com\/blog\/conosci-vere-donne-infedeli-a-napoli\/#webpage","url":"https:\/\/www.donnainfedele.com\/blog\/conosci-vere-donne-infedeli-a-napoli\/","name":"Conosci vere donne infedeli a Napoli - Blog del Tradimento","isPartOf":{"@id":"https:\/\/www.donnainfedele.com\/blog\/#website"},"datePublished":"2015-07-13T23:33:14+00:00","dateModified":"2015-07-13T23:46:42+00:00","description":"Ti piacerebbe incontrare vere donne infedeli a Napoli? Scopri cosa fanno le napoletane quando vogliono tradire e come conoscerle facilmente.","breadcrumb":{"@id":"https:\/\/www.donnainfedele.com\/blog\/conosci-vere-donne-infedeli-a-napoli\/#breadcrumb"},"inLanguage":"it-IT","potentialAction":[{"@type":"ReadAction","target":["https:\/\/www.donnainfedele.com\/blog\/conosci-vere-donne-infedeli-a-napoli\/"]}]},{"@type":"BreadcrumbList","@id":"https:\/\/www.donnainfedele.com\/blog\/conosci-vere-donne-infedeli-a-napoli\/#breadcrumb","itemListElement":[{"@type":"ListItem","position":1,"name":"Home","item":"https:\/\/www.donnainfedele.com\/blog\/"},{"@type":"ListItem","position":2,"name":"Conosci vere donne infedeli a Napoli"}]}]}},"jetpack_sharing_enabled":true,"jetpack_shortlink":"https:\/\/wp.me\/P9HlMc-73","_links":{"self":[{"href":"https:\/\/www.donnainfedele.com\/blog\/wp-json\/wp\/v2\/pages\/437","targetHints":{"allow":["GET"]}}],"collection":[{"href":"https:\/\/www.donnainfedele.com\/blog\/wp-json\/wp\/v2\/pages"}],"about":[{"href":"https:\/\/www.donnainfedele.com\/blog\/wp-json\/wp\/v2\/types\/page"}],"author":[{"embeddable":true,"href":"https:\/\/www.donnainfedele.com\/blog\/wp-json\/wp\/v2\/users\/1"}],"replies":[{"embeddable":true,"href":"https:\/\/www.donnainfedele.com\/blog\/wp-json\/wp\/v2\/comments?post=437"}],"version-history":[{"count":4,"href":"https:\/\/www.donnainfedele.com\/blog\/wp-json\/wp\/v2\/pages\/437\/revisions"}],"predecessor-version":[{"id":441,"href":"https:\/\/www.donnainfedele.com\/blog\/wp-json\/wp\/v2\/pages\/437\/revisions\/441"}],"wp:attachment":[{"href":"https:\/\/www.donnainfedele.com\/blog\/wp-json\/wp\/v2\/media?parent=437"}],"curies":[{"name":"wp","href":"https:\/\/api.w.org\/{rel}","templated":true}]}}