{"id":473,"date":"2015-07-14T03:58:28","date_gmt":"2015-07-14T01:58:28","guid":{"rendered":"http:\/\/www.donnainfedele.com\/blog\/?page_id=473"},"modified":"2015-07-14T03:58:28","modified_gmt":"2015-07-14T01:58:28","slug":"tradire-a-salerno","status":"publish","type":"page","link":"https:\/\/www.donnainfedele.com\/blog\/tradire-a-salerno\/","title":{"rendered":"Tradire a Salerno"},"content":{"rendered":"<h2>Infedelt\u00e0 e tradimenti a Salerno<\/h2>\n<p>Incantevole cittadina di mare a due passi dalla Costiera Amalfitana, Salerno \u00e8 il posto ideale per fare nuovi incontri grazie anche alla sua frizzante vita notturna. Per chi invece si muove nell&#8217;ombra alla ricerca di esperienze extraconiugali, un alleato sicuro \u00e8 il web. Gi\u00e0, proprio con il web possiamo fare incontri virtuali davvero stimolanti e trasformarli in opportunit\u00e0 di incontri dal vivo, anche per <strong>tradire a Salerno<\/strong>.<\/p>\n<h2>Infedelt\u00e0, web e siti di incontri<\/h2>\n<p>Con il web 2.0 \u00e8 cambiato anche il paradigma dell&#8217;infedelt\u00e0. Se una volta le scappatelle erano con colleghi ed amici, o conoscenze occasionali, oggi i tradimenti passano da internet, dai social network e dai siti di incontri. Per due ragioni su tutte: su internet possiamo muoverci in totale anonimato, e soprattutto scegliere tra migliaia di profili per trovare la persona che pi\u00f9 stimola la nostra fantasia! Vi sembra poco?<\/p>\n<h2>Donnainfedele per chi cerca donne che vogliono tradire<\/h2>\n<p>Le donne infedeli sono una garanzia: passionali, determinate, intriganti, sono alla ricerca di piacere e intensit\u00e0, e si mettono in gioco al 100%. Ecco i buoni motivi per cercare donne e ragazze monelle, interessate ad esperienze originali e stimolanti, o semplicemente a una parentesi intrigante per rompere la routine della vita coniugale. Uomo, cosa aspetti a cercarle? Su Donnainfedele ci sono vere donne infedeli curiose e molto molto insoddisfatte&#8230;<\/p>\n<h2>Incontri infedeli a Salerno e dintorni<\/h2>\n<p>Hai sempre sognato di incontrare una milf o una ragazza infedele a Salerno? Non ti resta che usare tutta la potenza del web. E&#8217; sufficiente un buon profilo per intercettare le salernitane pi\u00f9 intriganti, qualche parola di presentazione e poi via, per scambiare i desideri pi\u00f9 segreti ed inconfessabili. \u00a0Sai cosa fa sciogliere veramente le donne? Comincia ad ascoltarle, e capirai&#8230;<\/p>\n<hr \/>\n<p>&nbsp;<\/p>\n<h3 style=\"text-align: right;\">Imma, 33 anni, Salerno centro<\/h3>\n<blockquote><p>In tanti anni di fidanzamento e matrimonio non avevo mai pensato di tradire. Poi, per curiosit\u00e0, ho dato uno sguardo a blog e siti di incontri, attratta da questo mondo un po&#8217; sotterraneo degli incontri extraconiugali. Io la chiamo curiosit\u00e0, per\u00f2 da quando mi sono iscritta a Donnainfedele la curiosit\u00e0 \u00e8 aumentata, finch\u00e9 non ho scelto di incontrare un paio di persone conosciute online. Cos&#8217;\u00e8 successo secondo voi?<\/p><\/blockquote>\n<h3 style=\"text-align: right;\">Margherita, 41 anni, Battipaglia<\/h3>\n<blockquote><p>Ero sposata e insoddisfatta da 8 anni. Ma la mia vera natura non riusciva ad esprimersi. Si, sono una donna passionale e adoro gli uomini, li adoro alla follia. Grazie a donnainfedele ho capito che il matrimonio non faceva per me, e ho scelto di essere libera di esplorare, libera di respirare e vivere la mia passione a 360 gradi!<\/p><\/blockquote>\n<h3 style=\"text-align: right;\">Paolo, 30 anni, Salerno centro<\/h3>\n<blockquote><p>Chi sono le donne infedeli? Me lo sono sempre chiesto cosa passa per la testa di una donna che tradisce. Ovvero se ha sensi di colpa, cosa prova a tradire, cosa la eccita di pi\u00f9&#8230;. non avevo mai incontrato una vera donna che tradisce prima di iscrivermi a questo sito. Non l&#8217;avevo fatto ed ora so che le donne infedeli sono veramente esplosive, una sicurezza per chi cerca incontri senza impegno ma ad alto tasso di sensualit\u00e0!<\/p><\/blockquote>\n<p>&nbsp;<\/p>\n<p>&nbsp;<\/p>\n<p>&nbsp;<\/p>\n","protected":false},"excerpt":{"rendered":"<p>Infedelt\u00e0 e tradimenti a Salerno Incantevole cittadina di mare a due passi dalla Costiera Amalfitana, Salerno \u00e8 il posto ideale per fare nuovi incontri grazie anche [&hellip;]<\/p>\n","protected":false},"author":1,"featured_media":0,"parent":0,"menu_order":0,"comment_status":"open","ping_status":"open","template":"","meta":{"spay_email":"","footnotes":""},"class_list":["post-473","page","type-page","status-publish","hentry"],"yoast_head":"<!-- This site is optimized with the Yoast SEO plugin v18.4.1 - https:\/\/yoast.com\/wordpress\/plugins\/seo\/ -->\n<title>Tradire a Salerno - Blog del Tradimento<\/title>\n<meta name=\"description\" content=\"Scopri le donne che vogliono tradire a Salerno. E un sito per fare incontri infedeli a Salerno e nel salernitano, in tutta sicurezza e anonimato.\" \/>\n<meta name=\"robots\" content=\"index, follow, max-snippet:-1, max-image-preview:large, max-video-preview:-1\" \/>\n<link rel=\"canonical\" href=\"https:\/\/www.donnainfedele.com\/blog\/tradire-a-salerno\/\" \/>\n<meta property=\"og:locale\" content=\"it_IT\" \/>\n<meta property=\"og:type\" content=\"article\" \/>\n<meta property=\"og:title\" content=\"Tradire a Salerno - Blog del Tradimento\" \/>\n<meta property=\"og:description\" content=\"Scopri le donne che vogliono tradire a Salerno. E un sito per fare incontri infedeli a Salerno e nel salernitano, in tutta sicurezza e anonimato.\" \/>\n<meta property=\"og:url\" content=\"https:\/\/www.donnainfedele.com\/blog\/tradire-a-salerno\/\" \/>\n<meta property=\"og:site_name\" content=\"Blog del Tradimento\" \/>\n<meta name=\"twitter:label1\" content=\"Tempo di lettura stimato\" \/>\n\t<meta name=\"twitter:data1\" content=\"3 minuti\" \/>\n<script type=\"application\/ld+json\" class=\"yoast-schema-graph\">{\"@context\":\"https:\/\/schema.org\",\"@graph\":[{\"@type\":\"WebSite\",\"@id\":\"https:\/\/www.donnainfedele.com\/blog\/#website\",\"url\":\"https:\/\/www.donnainfedele.com\/blog\/\",\"name\":\"Blog del Tradimento\",\"description\":\"Le donne sposate e infedeli in cerca di uomini sposati e single\",\"potentialAction\":[{\"@type\":\"SearchAction\",\"target\":{\"@type\":\"EntryPoint\",\"urlTemplate\":\"https:\/\/www.donnainfedele.com\/blog\/?s={search_term_string}\"},\"query-input\":\"required name=search_term_string\"}],\"inLanguage\":\"it-IT\"},{\"@type\":\"WebPage\",\"@id\":\"https:\/\/www.donnainfedele.com\/blog\/tradire-a-salerno\/#webpage\",\"url\":\"https:\/\/www.donnainfedele.com\/blog\/tradire-a-salerno\/\",\"name\":\"Tradire a Salerno - Blog del Tradimento\",\"isPartOf\":{\"@id\":\"https:\/\/www.donnainfedele.com\/blog\/#website\"},\"datePublished\":\"2015-07-14T01:58:28+00:00\",\"dateModified\":\"2015-07-14T01:58:28+00:00\",\"description\":\"Scopri le donne che vogliono tradire a Salerno. E un sito per fare incontri infedeli a Salerno e nel salernitano, in tutta sicurezza e anonimato.\",\"breadcrumb\":{\"@id\":\"https:\/\/www.donnainfedele.com\/blog\/tradire-a-salerno\/#breadcrumb\"},\"inLanguage\":\"it-IT\",\"potentialAction\":[{\"@type\":\"ReadAction\",\"target\":[\"https:\/\/www.donnainfedele.com\/blog\/tradire-a-salerno\/\"]}]},{\"@type\":\"BreadcrumbList\",\"@id\":\"https:\/\/www.donnainfedele.com\/blog\/tradire-a-salerno\/#breadcrumb\",\"itemListElement\":[{\"@type\":\"ListItem\",\"position\":1,\"name\":\"Home\",\"item\":\"https:\/\/www.donnainfedele.com\/blog\/\"},{\"@type\":\"ListItem\",\"position\":2,\"name\":\"Tradire a Salerno\"}]}]}<\/script>\n<!-- \/ Yoast SEO plugin. -->","yoast_head_json":{"title":"Tradire a Salerno - Blog del Tradimento","description":"Scopri le donne che vogliono tradire a Salerno. E un sito per fare incontri infedeli a Salerno e nel salernitano, in tutta sicurezza e anonimato.","robots":{"index":"index","follow":"follow","max-snippet":"max-snippet:-1","max-image-preview":"max-image-preview:large","max-video-preview":"max-video-preview:-1"},"canonical":"https:\/\/www.donnainfedele.com\/blog\/tradire-a-salerno\/","og_locale":"it_IT","og_type":"article","og_title":"Tradire a Salerno - Blog del Tradimento","og_description":"Scopri le donne che vogliono tradire a Salerno. E un sito per fare incontri infedeli a Salerno e nel salernitano, in tutta sicurezza e anonimato.","og_url":"https:\/\/www.donnainfedele.com\/blog\/tradire-a-salerno\/","og_site_name":"Blog del Tradimento","twitter_misc":{"Tempo di lettura stimato":"3 minuti"},"schema":{"@context":"https:\/\/schema.org","@graph":[{"@type":"WebSite","@id":"https:\/\/www.donnainfedele.com\/blog\/#website","url":"https:\/\/www.donnainfedele.com\/blog\/","name":"Blog del Tradimento","description":"Le donne sposate e infedeli in cerca di uomini sposati e single","potentialAction":[{"@type":"SearchAction","target":{"@type":"EntryPoint","urlTemplate":"https:\/\/www.donnainfedele.com\/blog\/?s={search_term_string}"},"query-input":"required name=search_term_string"}],"inLanguage":"it-IT"},{"@type":"WebPage","@id":"https:\/\/www.donnainfedele.com\/blog\/tradire-a-salerno\/#webpage","url":"https:\/\/www.donnainfedele.com\/blog\/tradire-a-salerno\/","name":"Tradire a Salerno - Blog del Tradimento","isPartOf":{"@id":"https:\/\/www.donnainfedele.com\/blog\/#website"},"datePublished":"2015-07-14T01:58:28+00:00","dateModified":"2015-07-14T01:58:28+00:00","description":"Scopri le donne che vogliono tradire a Salerno. E un sito per fare incontri infedeli a Salerno e nel salernitano, in tutta sicurezza e anonimato.","breadcrumb":{"@id":"https:\/\/www.donnainfedele.com\/blog\/tradire-a-salerno\/#breadcrumb"},"inLanguage":"it-IT","potentialAction":[{"@type":"ReadAction","target":["https:\/\/www.donnainfedele.com\/blog\/tradire-a-salerno\/"]}]},{"@type":"BreadcrumbList","@id":"https:\/\/www.donnainfedele.com\/blog\/tradire-a-salerno\/#breadcrumb","itemListElement":[{"@type":"ListItem","position":1,"name":"Home","item":"https:\/\/www.donnainfedele.com\/blog\/"},{"@type":"ListItem","position":2,"name":"Tradire a Salerno"}]}]}},"jetpack_sharing_enabled":true,"jetpack_shortlink":"https:\/\/wp.me\/P9HlMc-7D","_links":{"self":[{"href":"https:\/\/www.donnainfedele.com\/blog\/wp-json\/wp\/v2\/pages\/473","targetHints":{"allow":["GET"]}}],"collection":[{"href":"https:\/\/www.donnainfedele.com\/blog\/wp-json\/wp\/v2\/pages"}],"about":[{"href":"https:\/\/www.donnainfedele.com\/blog\/wp-json\/wp\/v2\/types\/page"}],"author":[{"embeddable":true,"href":"https:\/\/www.donnainfedele.com\/blog\/wp-json\/wp\/v2\/users\/1"}],"replies":[{"embeddable":true,"href":"https:\/\/www.donnainfedele.com\/blog\/wp-json\/wp\/v2\/comments?post=473"}],"version-history":[{"count":1,"href":"https:\/\/www.donnainfedele.com\/blog\/wp-json\/wp\/v2\/pages\/473\/revisions"}],"predecessor-version":[{"id":474,"href":"https:\/\/www.donnainfedele.com\/blog\/wp-json\/wp\/v2\/pages\/473\/revisions\/474"}],"wp:attachment":[{"href":"https:\/\/www.donnainfedele.com\/blog\/wp-json\/wp\/v2\/media?parent=473"}],"curies":[{"name":"wp","href":"https:\/\/api.w.org\/{rel}","templated":true}]}}