{"id":475,"date":"2015-07-14T04:07:07","date_gmt":"2015-07-14T02:07:07","guid":{"rendered":"http:\/\/www.donnainfedele.com\/blog\/?page_id=475"},"modified":"2015-07-14T04:07:07","modified_gmt":"2015-07-14T02:07:07","slug":"conoscere-donne-infedeli-a-rimini","status":"publish","type":"page","link":"https:\/\/www.donnainfedele.com\/blog\/conoscere-donne-infedeli-a-rimini\/","title":{"rendered":"Conoscere donne infedeli a Rimini"},"content":{"rendered":"<h2>Rimini Rimini, paradiso dell&#8217;infedelt\u00e0<\/h2>\n<p>Rimini, ovvero la capitale dell&#8217;estate italiana, e di conseguenza del peccato! A Rimini tutto \u00e8 possibile, soprattutto di notte, e i sogni proibiti possono trasformarsi in realt\u00e0! Ecco perch\u00e9\u00a0<strong>molte donne scelgono di tradire proprio durante l&#8217;estate riminese<\/strong>. Ma il resto dell&#8217;anno? Cosa si fa quando il meteo non \u00e8 proprio clemente? Oggi il paradiso degli incontri infedeli \u00e8 proprio il web, dove ci si pu\u00f2 conoscere e incontrare 365 giorni su 365!<\/p>\n<h2>L&#8217;infedelt\u00e0 online \u00e8 il nuovo trend<\/h2>\n<p>Si, pare che oggi l&#8217;infedelt\u00e0 passi soprattutto attraverso il web. Le donne che vogliono tradire, infatti, difficilmente corrono il rischio di essere scoperte, e allo stesso modo desiderano privacy e sicurezza. Gi\u00e0 da alcuni anni si parla di scappatelle e tradimenti come <a title=\"tradire antistress\" href=\"http:\/\/www.repubblica.it\/2008\/12\/sezioni\/cronaca\/tradimenti-aumento\/tradimenti-aumento\/tradimenti-aumento.html\" target=\"_blank\">veri e propri momenti antistress<\/a>, o addirittura come &#8220;cure omeopatiche&#8221; per tenere in piedi un matrimonio. Insomma, \u00e8 boom di tradimenti, anche veloci, purch\u00e9 possano regalare un brivido fuori dall&#8217;ordinario.<\/p>\n<h2>Donnainfedele.com, per i tuoi piccoli peccati extraconiugali<\/h2>\n<p>Si, forse hai sempre sognato un sito dove chi vuole provare un&#8217;esperienza extraconiugale possa farlo in piena sicurezza, e trovando persone che hanno i suoi stessi desideri. Questo sito oggi si chiama Donnainfedele, ed \u00e8 uno spazio dedicato a tutte quelle donne che vogliono provare un rapporto infedele, una scappatella o anche solo un po&#8217; di sexting online. Uomini, siete avvisati: qui troverete donne molto esigenti, oltre che molto disponibili!<\/p>\n<h2>Conosci vere donne infedeli a Rimini<\/h2>\n<p>Vuoi incontrare vere donne infedeli a Rimini? Non sar\u00e0 necessario scendere su\u00a0via Vespucci o sul Lungomare, perch\u00e9 oggi le donne riminesi ti attendono gi\u00e0 online! Si, basta una connessione ad internet ed un profilo ben compilato per scoprire quante donne riminesi e romagnole sono incuriosite dal tradimento e pronte a provare un&#8217;esperienza infedele.. E tu, sei davvero pronto?<\/p>\n<hr \/>\n<p>&nbsp;<\/p>\n<h3 style=\"text-align: right;\">Isabella, 29 anni, Rimini lungomare<\/h3>\n<blockquote><p>Mi chiamo Isabella e adoro la mia Rimini, una citt\u00e0 che specialmente d&#8217;estate diventa un vero paradiso del divertimento! Vivo qui con il mio fidanzato, stiamo insieme da 10 anni ma con il passare del tempo nonostante l&#8217;affetto la relazione \u00e8 diventata un po&#8217; noiosa tra le coperte. Cos\u00ec mi sono iscritta a Donnainfedele e, dico la verit\u00e0, ho ricevuto tantisisme proposte interessanti! Ora ne sto considerando un paio&#8230;<\/p><\/blockquote>\n<h3 style=\"text-align: right;\">Mirko, 32 anni, Rimini Centro<\/h3>\n<blockquote><p>Dico la verit\u00e0, a Rimini si cucca tantissimo, ma solo d&#8217;estate! Il mio problema \u00e8 che adoro le milf, le donne mature e impegnate, e conoscerle dal vivo non \u00e8 sempre facile. Ma da quando ho scoperto questo sito ho capito che esistono centinaia di donne impegnate che non vedono l&#8217;ora di tradire e di provare qualcosa di nuovo!<\/p><\/blockquote>\n<h3 style=\"text-align: right;\">Vanessa, 40 anni, Rimini Rivabella<\/h3>\n<blockquote><p>Sono una donna sposata, lo so. Ma da un paio d&#8217;anni ho riscoperto una sessualit\u00e0 nuova, e una certa voglia di esplorare, di curiosare. Iscrivendomi a Donnainfedele ho trovato uomini molto interessanti, non ero sicura di tradire ma trascinata dal desiderio e dalla curiosit\u00e0 ho fatto degli incontri. Lascio a voi immaginare com&#8217;\u00e8 andata&#8230;<\/p><\/blockquote>\n<p>&nbsp;<\/p>\n<p>&nbsp;<\/p>\n<p>&nbsp;<\/p>\n","protected":false},"excerpt":{"rendered":"<p>Rimini Rimini, paradiso dell&#8217;infedelt\u00e0 Rimini, ovvero la capitale dell&#8217;estate italiana, e di conseguenza del peccato! A Rimini tutto \u00e8 possibile, soprattutto di notte, e i sogni [&hellip;]<\/p>\n","protected":false},"author":1,"featured_media":0,"parent":0,"menu_order":0,"comment_status":"open","ping_status":"open","template":"","meta":{"spay_email":"","footnotes":""},"class_list":["post-475","page","type-page","status-publish","hentry"],"yoast_head":"<!-- This site is optimized with the Yoast SEO plugin v18.4.1 - https:\/\/yoast.com\/wordpress\/plugins\/seo\/ -->\n<title>Conoscere donne infedeli a Rimini - Blog del Tradimento<\/title>\n<meta name=\"description\" content=\"Sai come conoscere vere donne infedeli a Rimini? Scopri un sito dedicato al 100% a chi vuole tradire e provare intense esperienze extraconiugali in Romagna.\" \/>\n<meta name=\"robots\" content=\"index, follow, max-snippet:-1, max-image-preview:large, max-video-preview:-1\" \/>\n<link rel=\"canonical\" href=\"https:\/\/www.donnainfedele.com\/blog\/conoscere-donne-infedeli-a-rimini\/\" \/>\n<meta property=\"og:locale\" content=\"it_IT\" \/>\n<meta property=\"og:type\" content=\"article\" \/>\n<meta property=\"og:title\" content=\"Conoscere donne infedeli a Rimini - Blog del Tradimento\" \/>\n<meta property=\"og:description\" content=\"Sai come conoscere vere donne infedeli a Rimini? Scopri un sito dedicato al 100% a chi vuole tradire e provare intense esperienze extraconiugali in Romagna.\" \/>\n<meta property=\"og:url\" content=\"https:\/\/www.donnainfedele.com\/blog\/conoscere-donne-infedeli-a-rimini\/\" \/>\n<meta property=\"og:site_name\" content=\"Blog del Tradimento\" \/>\n<meta name=\"twitter:label1\" content=\"Tempo di lettura stimato\" \/>\n\t<meta name=\"twitter:data1\" content=\"2 minuti\" \/>\n<script type=\"application\/ld+json\" class=\"yoast-schema-graph\">{\"@context\":\"https:\/\/schema.org\",\"@graph\":[{\"@type\":\"WebSite\",\"@id\":\"https:\/\/www.donnainfedele.com\/blog\/#website\",\"url\":\"https:\/\/www.donnainfedele.com\/blog\/\",\"name\":\"Blog del Tradimento\",\"description\":\"Le donne sposate e infedeli in cerca di uomini sposati e single\",\"potentialAction\":[{\"@type\":\"SearchAction\",\"target\":{\"@type\":\"EntryPoint\",\"urlTemplate\":\"https:\/\/www.donnainfedele.com\/blog\/?s={search_term_string}\"},\"query-input\":\"required name=search_term_string\"}],\"inLanguage\":\"it-IT\"},{\"@type\":\"WebPage\",\"@id\":\"https:\/\/www.donnainfedele.com\/blog\/conoscere-donne-infedeli-a-rimini\/#webpage\",\"url\":\"https:\/\/www.donnainfedele.com\/blog\/conoscere-donne-infedeli-a-rimini\/\",\"name\":\"Conoscere donne infedeli a Rimini - Blog del Tradimento\",\"isPartOf\":{\"@id\":\"https:\/\/www.donnainfedele.com\/blog\/#website\"},\"datePublished\":\"2015-07-14T02:07:07+00:00\",\"dateModified\":\"2015-07-14T02:07:07+00:00\",\"description\":\"Sai come conoscere vere donne infedeli a Rimini? Scopri un sito dedicato al 100% a chi vuole tradire e provare intense esperienze extraconiugali in Romagna.\",\"breadcrumb\":{\"@id\":\"https:\/\/www.donnainfedele.com\/blog\/conoscere-donne-infedeli-a-rimini\/#breadcrumb\"},\"inLanguage\":\"it-IT\",\"potentialAction\":[{\"@type\":\"ReadAction\",\"target\":[\"https:\/\/www.donnainfedele.com\/blog\/conoscere-donne-infedeli-a-rimini\/\"]}]},{\"@type\":\"BreadcrumbList\",\"@id\":\"https:\/\/www.donnainfedele.com\/blog\/conoscere-donne-infedeli-a-rimini\/#breadcrumb\",\"itemListElement\":[{\"@type\":\"ListItem\",\"position\":1,\"name\":\"Home\",\"item\":\"https:\/\/www.donnainfedele.com\/blog\/\"},{\"@type\":\"ListItem\",\"position\":2,\"name\":\"Conoscere donne infedeli a Rimini\"}]}]}<\/script>\n<!-- \/ Yoast SEO plugin. -->","yoast_head_json":{"title":"Conoscere donne infedeli a Rimini - Blog del Tradimento","description":"Sai come conoscere vere donne infedeli a Rimini? Scopri un sito dedicato al 100% a chi vuole tradire e provare intense esperienze extraconiugali in Romagna.","robots":{"index":"index","follow":"follow","max-snippet":"max-snippet:-1","max-image-preview":"max-image-preview:large","max-video-preview":"max-video-preview:-1"},"canonical":"https:\/\/www.donnainfedele.com\/blog\/conoscere-donne-infedeli-a-rimini\/","og_locale":"it_IT","og_type":"article","og_title":"Conoscere donne infedeli a Rimini - Blog del Tradimento","og_description":"Sai come conoscere vere donne infedeli a Rimini? Scopri un sito dedicato al 100% a chi vuole tradire e provare intense esperienze extraconiugali in Romagna.","og_url":"https:\/\/www.donnainfedele.com\/blog\/conoscere-donne-infedeli-a-rimini\/","og_site_name":"Blog del Tradimento","twitter_misc":{"Tempo di lettura stimato":"2 minuti"},"schema":{"@context":"https:\/\/schema.org","@graph":[{"@type":"WebSite","@id":"https:\/\/www.donnainfedele.com\/blog\/#website","url":"https:\/\/www.donnainfedele.com\/blog\/","name":"Blog del Tradimento","description":"Le donne sposate e infedeli in cerca di uomini sposati e single","potentialAction":[{"@type":"SearchAction","target":{"@type":"EntryPoint","urlTemplate":"https:\/\/www.donnainfedele.com\/blog\/?s={search_term_string}"},"query-input":"required name=search_term_string"}],"inLanguage":"it-IT"},{"@type":"WebPage","@id":"https:\/\/www.donnainfedele.com\/blog\/conoscere-donne-infedeli-a-rimini\/#webpage","url":"https:\/\/www.donnainfedele.com\/blog\/conoscere-donne-infedeli-a-rimini\/","name":"Conoscere donne infedeli a Rimini - Blog del Tradimento","isPartOf":{"@id":"https:\/\/www.donnainfedele.com\/blog\/#website"},"datePublished":"2015-07-14T02:07:07+00:00","dateModified":"2015-07-14T02:07:07+00:00","description":"Sai come conoscere vere donne infedeli a Rimini? Scopri un sito dedicato al 100% a chi vuole tradire e provare intense esperienze extraconiugali in Romagna.","breadcrumb":{"@id":"https:\/\/www.donnainfedele.com\/blog\/conoscere-donne-infedeli-a-rimini\/#breadcrumb"},"inLanguage":"it-IT","potentialAction":[{"@type":"ReadAction","target":["https:\/\/www.donnainfedele.com\/blog\/conoscere-donne-infedeli-a-rimini\/"]}]},{"@type":"BreadcrumbList","@id":"https:\/\/www.donnainfedele.com\/blog\/conoscere-donne-infedeli-a-rimini\/#breadcrumb","itemListElement":[{"@type":"ListItem","position":1,"name":"Home","item":"https:\/\/www.donnainfedele.com\/blog\/"},{"@type":"ListItem","position":2,"name":"Conoscere donne infedeli a Rimini"}]}]}},"jetpack_sharing_enabled":true,"jetpack_shortlink":"https:\/\/wp.me\/P9HlMc-7F","_links":{"self":[{"href":"https:\/\/www.donnainfedele.com\/blog\/wp-json\/wp\/v2\/pages\/475","targetHints":{"allow":["GET"]}}],"collection":[{"href":"https:\/\/www.donnainfedele.com\/blog\/wp-json\/wp\/v2\/pages"}],"about":[{"href":"https:\/\/www.donnainfedele.com\/blog\/wp-json\/wp\/v2\/types\/page"}],"author":[{"embeddable":true,"href":"https:\/\/www.donnainfedele.com\/blog\/wp-json\/wp\/v2\/users\/1"}],"replies":[{"embeddable":true,"href":"https:\/\/www.donnainfedele.com\/blog\/wp-json\/wp\/v2\/comments?post=475"}],"version-history":[{"count":1,"href":"https:\/\/www.donnainfedele.com\/blog\/wp-json\/wp\/v2\/pages\/475\/revisions"}],"predecessor-version":[{"id":476,"href":"https:\/\/www.donnainfedele.com\/blog\/wp-json\/wp\/v2\/pages\/475\/revisions\/476"}],"wp:attachment":[{"href":"https:\/\/www.donnainfedele.com\/blog\/wp-json\/wp\/v2\/media?parent=475"}],"curies":[{"name":"wp","href":"https:\/\/api.w.org\/{rel}","templated":true}]}}