{"id":504,"date":"2015-07-15T02:18:32","date_gmt":"2015-07-15T00:18:32","guid":{"rendered":"http:\/\/www.donnainfedele.com\/blog\/?page_id=504"},"modified":"2015-07-15T02:18:32","modified_gmt":"2015-07-15T00:18:32","slug":"vuoi-incontrare-una-donna-infedele-a-piacenza","status":"publish","type":"page","link":"https:\/\/www.donnainfedele.com\/blog\/vuoi-incontrare-una-donna-infedele-a-piacenza\/","title":{"rendered":"Vuoi incontrare una donna infedele a Piacenza?"},"content":{"rendered":"<h2>Ecco dove trovare vere donne infedeli a Piacenza<\/h2>\n<p>Quante volte passeggiando a Piazza dei Cavalli e dintorni, hai incrociato gli occhi di una bellissima donna? Ti sarai chiesto se era libera o magari sposata, e se in cuor suo avrebbe desiderato tradire il suo partner. Fantasie, ok, ma fantasie che per molte donne diventano realt\u00e0. Se il contesto \u00e8 quello giusto e gli stimoli sono validi. Si, perch\u00e9 molte donne in Italia adorano tradire e lo fanno grazie a siti e portali web specializzati, dove possono muoversi in tutta sicurezza e relax.<\/p>\n<h2>Incontri trasgressivi grazie al web<\/h2>\n<p>Il tradimento passa per il web. A volte si comincia dai social, altre su siti specializzati dove il dating \u00e8 rigorosamente infedele. I dati parlano chiaro: in Italia tantissime donne adorano flirtare online, addirittura pare che l&#8217;Italia sia <a title=\"infedelt\u00e0 online in Italia\" href=\"http:\/\/gdnapoli.it\/tradimenti-online-litalia-il-paese-cui-si-tradisce-di-piu\/\" target=\"_blank\">il paese dove si consumano pi\u00f9 tradimenti online<\/a>. Addirittura il 45% delle donne sposate sarebbe coinvolta in giochi piccanti online, che spesso si concludono con un vero incontro. Ottimi motivi per conoscere donne che tradiscono, non pensate?<\/p>\n<h2>Donnainfedele, per i tuoi incontri extraconiugali<\/h2>\n<p>Con Donnainfedele il tradimento \u00e8 2.0. Perch\u00e8 la voglia di uscire dagli schemi, di trasgredire, di conoscere nuove persone \u00e8 sempre pi\u00f9 diffusa. Una piattaforma completa e sicura come Donnainfedele offre alle donne ed alle ragazze spazio per esprimere i propri desideri compilando un profilo completo ed esaustivo, alla ricerca di incontri ed occasioni di svago. Una grande opportunit\u00e0 anche per gli uomini che cercano vere donne fedifraghe!<\/p>\n<h2>Conosci una donna infedele a Piacenza<\/h2>\n<p>Ok, Piacenza \u00e8 una cittadina piuttosto grande, ma non sempre \u00e8 facile conoscere vere donne infedeli tra le strade o i locali della citt\u00e0. Con il web, invece, si azzerano i timori e le distanze e si scopre il piacere di conoscersi anche solo per fare 2 chiacchiere, sperando in un feeling che conduca all&#8217;incontro dal vivo. E a volte bastano pochi messaggi per trasformare una fantasia hot in un vero incontro al buio!<\/p>\n<hr \/>\n<p>&nbsp;<\/p>\n<h3 style=\"text-align: right;\">Mirella, 29 anni, Piacenza Centro<\/h3>\n<blockquote><p>E&#8217; stata una mia amica a pressare affinch\u00e8 mi iscrivessi a questo sito. Non ero convinta perch\u00e8 non ho mai conosciuto persone online, ma dico la verit\u00e0, il sito mi ha davvero sorpresa! Amo il mio ragazzo ma per soddisfarmi ho bisogno di molto, e cos\u00ec di tanto in tanto mi concedo qualche scappatella. Ma qui c&#8217;\u00e8 veramente l&#8217;imbarazzo della scelta!<\/p><\/blockquote>\n<h3 style=\"text-align: right;\">Luigi, 39 anni, prov. di Piacenza<\/h3>\n<blockquote><p>E&#8217; incredibile quante donne sono in cerca di relazioni extraconiugali. E non solo a Piacenza e dintorni, ma in tutta Italia! Su Donnainfedele mi sono iscritto all&#8217;inizio solo per capire e guardare, poi ho cominciato a contattare le iscritte e ho ricevuto un sacco di risposte! Forse, se va tutto in porto, la prossima settimana ho un primo appuntamento dal vivo!<\/p><\/blockquote>\n<h3 style=\"text-align: right;\">Cristina, 51\u00a0anni, Piacenza centro<\/h3>\n<blockquote><p>La vita di coppia \u00e8 veramente complicata. La mia soprattutto. Ma tra alti e bassi sono sempre rimasta con mio marito. Il desiderio di provare nuove emozioni c&#8217;\u00e8 sempre, per\u00f2, cos\u00ec mi sono iscritta a donnainfedele e ho trovato un bel po&#8217; di monelli con cui giocare!<\/p><\/blockquote>\n<p>&nbsp;<\/p>\n","protected":false},"excerpt":{"rendered":"<p>Ecco dove trovare vere donne infedeli a Piacenza Quante volte passeggiando a Piazza dei Cavalli e dintorni, hai incrociato gli occhi di una bellissima donna? Ti [&hellip;]<\/p>\n","protected":false},"author":1,"featured_media":0,"parent":0,"menu_order":0,"comment_status":"open","ping_status":"open","template":"","meta":{"spay_email":"","footnotes":""},"class_list":["post-504","page","type-page","status-publish","hentry"],"yoast_head":"<!-- This site is optimized with the Yoast SEO plugin v18.4.1 - https:\/\/yoast.com\/wordpress\/plugins\/seo\/ -->\n<title>Vuoi incontrare una donna infedele a Piacenza?<\/title>\n<meta name=\"description\" content=\"Sai dove incontrare una vera donna infedele a PIacenza? Te lo diciamo noi: online! ecco come e perch\u00e8 le piacentine tradiscono sul web...\" \/>\n<meta name=\"robots\" content=\"index, follow, max-snippet:-1, max-image-preview:large, max-video-preview:-1\" \/>\n<link rel=\"canonical\" href=\"https:\/\/www.donnainfedele.com\/blog\/vuoi-incontrare-una-donna-infedele-a-piacenza\/\" \/>\n<meta property=\"og:locale\" content=\"it_IT\" \/>\n<meta property=\"og:type\" content=\"article\" \/>\n<meta property=\"og:title\" content=\"Vuoi incontrare una donna infedele a Piacenza?\" \/>\n<meta property=\"og:description\" content=\"Sai dove incontrare una vera donna infedele a PIacenza? Te lo diciamo noi: online! ecco come e perch\u00e8 le piacentine tradiscono sul web...\" \/>\n<meta property=\"og:url\" content=\"https:\/\/www.donnainfedele.com\/blog\/vuoi-incontrare-una-donna-infedele-a-piacenza\/\" \/>\n<meta property=\"og:site_name\" content=\"Blog del Tradimento\" \/>\n<meta name=\"twitter:label1\" content=\"Tempo di lettura stimato\" \/>\n\t<meta name=\"twitter:data1\" content=\"3 minuti\" \/>\n<script type=\"application\/ld+json\" class=\"yoast-schema-graph\">{\"@context\":\"https:\/\/schema.org\",\"@graph\":[{\"@type\":\"WebSite\",\"@id\":\"https:\/\/www.donnainfedele.com\/blog\/#website\",\"url\":\"https:\/\/www.donnainfedele.com\/blog\/\",\"name\":\"Blog del Tradimento\",\"description\":\"Le donne sposate e infedeli in cerca di uomini sposati e single\",\"potentialAction\":[{\"@type\":\"SearchAction\",\"target\":{\"@type\":\"EntryPoint\",\"urlTemplate\":\"https:\/\/www.donnainfedele.com\/blog\/?s={search_term_string}\"},\"query-input\":\"required name=search_term_string\"}],\"inLanguage\":\"it-IT\"},{\"@type\":\"WebPage\",\"@id\":\"https:\/\/www.donnainfedele.com\/blog\/vuoi-incontrare-una-donna-infedele-a-piacenza\/#webpage\",\"url\":\"https:\/\/www.donnainfedele.com\/blog\/vuoi-incontrare-una-donna-infedele-a-piacenza\/\",\"name\":\"Vuoi incontrare una donna infedele a Piacenza?\",\"isPartOf\":{\"@id\":\"https:\/\/www.donnainfedele.com\/blog\/#website\"},\"datePublished\":\"2015-07-15T00:18:32+00:00\",\"dateModified\":\"2015-07-15T00:18:32+00:00\",\"description\":\"Sai dove incontrare una vera donna infedele a PIacenza? Te lo diciamo noi: online! ecco come e perch\u00e8 le piacentine tradiscono sul web...\",\"breadcrumb\":{\"@id\":\"https:\/\/www.donnainfedele.com\/blog\/vuoi-incontrare-una-donna-infedele-a-piacenza\/#breadcrumb\"},\"inLanguage\":\"it-IT\",\"potentialAction\":[{\"@type\":\"ReadAction\",\"target\":[\"https:\/\/www.donnainfedele.com\/blog\/vuoi-incontrare-una-donna-infedele-a-piacenza\/\"]}]},{\"@type\":\"BreadcrumbList\",\"@id\":\"https:\/\/www.donnainfedele.com\/blog\/vuoi-incontrare-una-donna-infedele-a-piacenza\/#breadcrumb\",\"itemListElement\":[{\"@type\":\"ListItem\",\"position\":1,\"name\":\"Home\",\"item\":\"https:\/\/www.donnainfedele.com\/blog\/\"},{\"@type\":\"ListItem\",\"position\":2,\"name\":\"Vuoi incontrare una donna infedele a Piacenza?\"}]}]}<\/script>\n<!-- \/ Yoast SEO plugin. -->","yoast_head_json":{"title":"Vuoi incontrare una donna infedele a Piacenza?","description":"Sai dove incontrare una vera donna infedele a PIacenza? Te lo diciamo noi: online! ecco come e perch\u00e8 le piacentine tradiscono sul web...","robots":{"index":"index","follow":"follow","max-snippet":"max-snippet:-1","max-image-preview":"max-image-preview:large","max-video-preview":"max-video-preview:-1"},"canonical":"https:\/\/www.donnainfedele.com\/blog\/vuoi-incontrare-una-donna-infedele-a-piacenza\/","og_locale":"it_IT","og_type":"article","og_title":"Vuoi incontrare una donna infedele a Piacenza?","og_description":"Sai dove incontrare una vera donna infedele a PIacenza? Te lo diciamo noi: online! ecco come e perch\u00e8 le piacentine tradiscono sul web...","og_url":"https:\/\/www.donnainfedele.com\/blog\/vuoi-incontrare-una-donna-infedele-a-piacenza\/","og_site_name":"Blog del Tradimento","twitter_misc":{"Tempo di lettura stimato":"3 minuti"},"schema":{"@context":"https:\/\/schema.org","@graph":[{"@type":"WebSite","@id":"https:\/\/www.donnainfedele.com\/blog\/#website","url":"https:\/\/www.donnainfedele.com\/blog\/","name":"Blog del Tradimento","description":"Le donne sposate e infedeli in cerca di uomini sposati e single","potentialAction":[{"@type":"SearchAction","target":{"@type":"EntryPoint","urlTemplate":"https:\/\/www.donnainfedele.com\/blog\/?s={search_term_string}"},"query-input":"required name=search_term_string"}],"inLanguage":"it-IT"},{"@type":"WebPage","@id":"https:\/\/www.donnainfedele.com\/blog\/vuoi-incontrare-una-donna-infedele-a-piacenza\/#webpage","url":"https:\/\/www.donnainfedele.com\/blog\/vuoi-incontrare-una-donna-infedele-a-piacenza\/","name":"Vuoi incontrare una donna infedele a Piacenza?","isPartOf":{"@id":"https:\/\/www.donnainfedele.com\/blog\/#website"},"datePublished":"2015-07-15T00:18:32+00:00","dateModified":"2015-07-15T00:18:32+00:00","description":"Sai dove incontrare una vera donna infedele a PIacenza? Te lo diciamo noi: online! ecco come e perch\u00e8 le piacentine tradiscono sul web...","breadcrumb":{"@id":"https:\/\/www.donnainfedele.com\/blog\/vuoi-incontrare-una-donna-infedele-a-piacenza\/#breadcrumb"},"inLanguage":"it-IT","potentialAction":[{"@type":"ReadAction","target":["https:\/\/www.donnainfedele.com\/blog\/vuoi-incontrare-una-donna-infedele-a-piacenza\/"]}]},{"@type":"BreadcrumbList","@id":"https:\/\/www.donnainfedele.com\/blog\/vuoi-incontrare-una-donna-infedele-a-piacenza\/#breadcrumb","itemListElement":[{"@type":"ListItem","position":1,"name":"Home","item":"https:\/\/www.donnainfedele.com\/blog\/"},{"@type":"ListItem","position":2,"name":"Vuoi incontrare una donna infedele a Piacenza?"}]}]}},"jetpack_sharing_enabled":true,"jetpack_shortlink":"https:\/\/wp.me\/P9HlMc-88","_links":{"self":[{"href":"https:\/\/www.donnainfedele.com\/blog\/wp-json\/wp\/v2\/pages\/504","targetHints":{"allow":["GET"]}}],"collection":[{"href":"https:\/\/www.donnainfedele.com\/blog\/wp-json\/wp\/v2\/pages"}],"about":[{"href":"https:\/\/www.donnainfedele.com\/blog\/wp-json\/wp\/v2\/types\/page"}],"author":[{"embeddable":true,"href":"https:\/\/www.donnainfedele.com\/blog\/wp-json\/wp\/v2\/users\/1"}],"replies":[{"embeddable":true,"href":"https:\/\/www.donnainfedele.com\/blog\/wp-json\/wp\/v2\/comments?post=504"}],"version-history":[{"count":1,"href":"https:\/\/www.donnainfedele.com\/blog\/wp-json\/wp\/v2\/pages\/504\/revisions"}],"predecessor-version":[{"id":505,"href":"https:\/\/www.donnainfedele.com\/blog\/wp-json\/wp\/v2\/pages\/504\/revisions\/505"}],"wp:attachment":[{"href":"https:\/\/www.donnainfedele.com\/blog\/wp-json\/wp\/v2\/media?parent=504"}],"curies":[{"name":"wp","href":"https:\/\/api.w.org\/{rel}","templated":true}]}}