{"id":523,"date":"2015-07-15T18:14:51","date_gmt":"2015-07-15T16:14:51","guid":{"rendered":"http:\/\/www.donnainfedele.com\/blog\/?page_id=523"},"modified":"2015-07-15T18:14:51","modified_gmt":"2015-07-15T16:14:51","slug":"ecco-come-trovare-e-conoscere-una-donna-infedele-a-novara","status":"publish","type":"page","link":"https:\/\/www.donnainfedele.com\/blog\/ecco-come-trovare-e-conoscere-una-donna-infedele-a-novara\/","title":{"rendered":"Ecco come trovare e conoscere una donna infedele a Novara"},"content":{"rendered":"<h2>Incontri extraconiugali a Novara e provincia<\/h2>\n<p>Anche a Novara non tutte le donne adorano la routine coniugale e la monotonia di coppia. Alcune, le pi\u00f9 insoddisfatte, sono alla ricerca di una botta di vita, di esperienze che le facciano sentire ancora belle, interessanti e seducenti. E cosa c&#8217;\u00e8 di meglio che farsi un&#8217;amante, o sperimentare l&#8217;avventura di una notte? Insomma, la <strong>donna infedele a Novara<\/strong> ti sta cercando!<\/p>\n<h2>Scappatelle? Fallo in sicurezza<\/h2>\n<p>Con il web \u00e8 facilissimo incontrare donne che vogliono tradire. Pochi click, qualche conversazione, magari uno scambio di email o di numero telefonico. E poi via, a capofitto, per trasformare la fantasia in realt\u00e0. Il vantaggio del web? Tutto pu\u00f2 svolgersi in assoluta sicurezza, senza esporre i propri dati sensibili. E restando nell&#8217;ombra, il fascino delle esperienze extraconiugali.<\/p>\n<h2>Donnainfedele per i tuoi peccati extraconiugali<\/h2>\n<p>Questo sito nasce per rispondere a una domanda. La domanda di molte donne che si chiedono dove trovare uomini interessanti e discreti disposti a conoscerle. Anche una sola notte. Ma \u00e8 anche un sito dedicato agli uomini, quegli uomini che cercano vere donne monelle e disposte a tradire il partner per vivere un incontro infedele. Perch\u00e8 la donna infedele \u00e8 una donna passionale per antonomasia.<\/p>\n<h2>Anche a Novara la donna infedele cerca uomini<\/h2>\n<p>Cosa fa la donna di Novara che sente il bisogno di provare un&#8217;esperienza infedele? Non di certo si rivolge ai suoi conoscenti o al suo ambiente di lavoro&#8230; Grazie al web una donna infedele pu\u00f2 cercare tra centinaia di uomini e trovare i pi\u00f9 stimolanti, per una chiacchierata hot o anche per vedersi dal vivo! Baster\u00e0 scorrere i profili delle donne di Novara per trovare centinaia di ragazze e donne disponibili pronte a tradire il loro partner!<\/p>\n<hr \/>\n<p>&nbsp;<\/p>\n<h3 style=\"text-align: right;\">Luisa, 29 anni, Novara centro<\/h3>\n<blockquote><p>Io sono Luisa, vivo a Novara anche se sono originaria del sud. Ho una situazione un po&#8217; strana perch\u00e8, oltre ad avere un compagno, ho gi\u00e0 un amante occasionale. Ma non sono soddisfatta: adoro flirtare con gli uomini, anche solo online, e su Donnainfedele posso giocare quanto voglio, senza dover necessariamente incontrare le persone dal vivo.<\/p><\/blockquote>\n<h3 style=\"text-align: right;\">Alex, 31 anni, Novara Cittadella<\/h3>\n<blockquote><p>Mi chiamo Alex, e mi sento un vero cacciatore di donne. No, non una botta e via. Le donne mi piace sedurle, mi piace parlarci e poi eventualmente andare oltre, ma solo se c&#8217;\u00e8 un feeling speciale. Su Donnainfedele ho trovato solo donne disponibile, perch\u00e8 tutte sono alla ricerca di qualcosa in pi\u00f9, un brivido nuovo o un momento di evasione, di relax.<\/p><\/blockquote>\n<h3 style=\"text-align: right;\">Giorgia, 47 anni, Novara Sant&#8217;Agabio<\/h3>\n<blockquote><p>Ciao, io sono Giorgia e sono quella che alcuni uomini definirebbero una milf. Gi\u00e0: ho 2 figli ma sono molto piacente, adoro curarmi ed essere sempre sexy. Ho un&#8217;altra piccola passione, in verit\u00e0: i ragazzi. Li preferisco attorno ai 25 anni, non troppo giovani ma nemmeno troppo maturi. E su questo sito, dico la verit\u00e0, ne ho trovati veramente a decine! Scegliere \u00e8 difficile perch\u00e9 non posso incontrare tutti, ma far\u00f2 del mio meglio&#8230;<\/p><\/blockquote>\n<p>&nbsp;<\/p>\n","protected":false},"excerpt":{"rendered":"<p>Incontri extraconiugali a Novara e provincia Anche a Novara non tutte le donne adorano la routine coniugale e la monotonia di coppia. Alcune, le pi\u00f9 insoddisfatte, [&hellip;]<\/p>\n","protected":false},"author":1,"featured_media":0,"parent":0,"menu_order":0,"comment_status":"open","ping_status":"open","template":"","meta":{"spay_email":"","footnotes":""},"class_list":["post-523","page","type-page","status-publish","hentry"],"yoast_head":"<!-- This site is optimized with the Yoast SEO plugin v18.4.1 - https:\/\/yoast.com\/wordpress\/plugins\/seo\/ -->\n<title>Ecco come trovare e conoscere una donna infedele a Novara<\/title>\n<meta name=\"description\" content=\"Vuoi incontrare una vera donna infedele a Novara? ecco come fare, su Donnainfedele ne troverai a decine disposte a parlarti e magari incontrarti...\" \/>\n<meta name=\"robots\" content=\"index, follow, max-snippet:-1, max-image-preview:large, max-video-preview:-1\" \/>\n<link rel=\"canonical\" href=\"https:\/\/www.donnainfedele.com\/blog\/ecco-come-trovare-e-conoscere-una-donna-infedele-a-novara\/\" \/>\n<meta property=\"og:locale\" content=\"it_IT\" \/>\n<meta property=\"og:type\" content=\"article\" \/>\n<meta property=\"og:title\" content=\"Ecco come trovare e conoscere una donna infedele a Novara\" \/>\n<meta property=\"og:description\" content=\"Vuoi incontrare una vera donna infedele a Novara? ecco come fare, su Donnainfedele ne troverai a decine disposte a parlarti e magari incontrarti...\" \/>\n<meta property=\"og:url\" content=\"https:\/\/www.donnainfedele.com\/blog\/ecco-come-trovare-e-conoscere-una-donna-infedele-a-novara\/\" \/>\n<meta property=\"og:site_name\" content=\"Blog del Tradimento\" \/>\n<meta name=\"twitter:label1\" content=\"Tempo di lettura stimato\" \/>\n\t<meta name=\"twitter:data1\" content=\"2 minuti\" \/>\n<script type=\"application\/ld+json\" class=\"yoast-schema-graph\">{\"@context\":\"https:\/\/schema.org\",\"@graph\":[{\"@type\":\"WebSite\",\"@id\":\"https:\/\/www.donnainfedele.com\/blog\/#website\",\"url\":\"https:\/\/www.donnainfedele.com\/blog\/\",\"name\":\"Blog del Tradimento\",\"description\":\"Le donne sposate e infedeli in cerca di uomini sposati e single\",\"potentialAction\":[{\"@type\":\"SearchAction\",\"target\":{\"@type\":\"EntryPoint\",\"urlTemplate\":\"https:\/\/www.donnainfedele.com\/blog\/?s={search_term_string}\"},\"query-input\":\"required name=search_term_string\"}],\"inLanguage\":\"it-IT\"},{\"@type\":\"WebPage\",\"@id\":\"https:\/\/www.donnainfedele.com\/blog\/ecco-come-trovare-e-conoscere-una-donna-infedele-a-novara\/#webpage\",\"url\":\"https:\/\/www.donnainfedele.com\/blog\/ecco-come-trovare-e-conoscere-una-donna-infedele-a-novara\/\",\"name\":\"Ecco come trovare e conoscere una donna infedele a Novara\",\"isPartOf\":{\"@id\":\"https:\/\/www.donnainfedele.com\/blog\/#website\"},\"datePublished\":\"2015-07-15T16:14:51+00:00\",\"dateModified\":\"2015-07-15T16:14:51+00:00\",\"description\":\"Vuoi incontrare una vera donna infedele a Novara? ecco come fare, su Donnainfedele ne troverai a decine disposte a parlarti e magari incontrarti...\",\"breadcrumb\":{\"@id\":\"https:\/\/www.donnainfedele.com\/blog\/ecco-come-trovare-e-conoscere-una-donna-infedele-a-novara\/#breadcrumb\"},\"inLanguage\":\"it-IT\",\"potentialAction\":[{\"@type\":\"ReadAction\",\"target\":[\"https:\/\/www.donnainfedele.com\/blog\/ecco-come-trovare-e-conoscere-una-donna-infedele-a-novara\/\"]}]},{\"@type\":\"BreadcrumbList\",\"@id\":\"https:\/\/www.donnainfedele.com\/blog\/ecco-come-trovare-e-conoscere-una-donna-infedele-a-novara\/#breadcrumb\",\"itemListElement\":[{\"@type\":\"ListItem\",\"position\":1,\"name\":\"Home\",\"item\":\"https:\/\/www.donnainfedele.com\/blog\/\"},{\"@type\":\"ListItem\",\"position\":2,\"name\":\"Ecco come trovare e conoscere una donna infedele a Novara\"}]}]}<\/script>\n<!-- \/ Yoast SEO plugin. -->","yoast_head_json":{"title":"Ecco come trovare e conoscere una donna infedele a Novara","description":"Vuoi incontrare una vera donna infedele a Novara? ecco come fare, su Donnainfedele ne troverai a decine disposte a parlarti e magari incontrarti...","robots":{"index":"index","follow":"follow","max-snippet":"max-snippet:-1","max-image-preview":"max-image-preview:large","max-video-preview":"max-video-preview:-1"},"canonical":"https:\/\/www.donnainfedele.com\/blog\/ecco-come-trovare-e-conoscere-una-donna-infedele-a-novara\/","og_locale":"it_IT","og_type":"article","og_title":"Ecco come trovare e conoscere una donna infedele a Novara","og_description":"Vuoi incontrare una vera donna infedele a Novara? ecco come fare, su Donnainfedele ne troverai a decine disposte a parlarti e magari incontrarti...","og_url":"https:\/\/www.donnainfedele.com\/blog\/ecco-come-trovare-e-conoscere-una-donna-infedele-a-novara\/","og_site_name":"Blog del Tradimento","twitter_misc":{"Tempo di lettura stimato":"2 minuti"},"schema":{"@context":"https:\/\/schema.org","@graph":[{"@type":"WebSite","@id":"https:\/\/www.donnainfedele.com\/blog\/#website","url":"https:\/\/www.donnainfedele.com\/blog\/","name":"Blog del Tradimento","description":"Le donne sposate e infedeli in cerca di uomini sposati e single","potentialAction":[{"@type":"SearchAction","target":{"@type":"EntryPoint","urlTemplate":"https:\/\/www.donnainfedele.com\/blog\/?s={search_term_string}"},"query-input":"required name=search_term_string"}],"inLanguage":"it-IT"},{"@type":"WebPage","@id":"https:\/\/www.donnainfedele.com\/blog\/ecco-come-trovare-e-conoscere-una-donna-infedele-a-novara\/#webpage","url":"https:\/\/www.donnainfedele.com\/blog\/ecco-come-trovare-e-conoscere-una-donna-infedele-a-novara\/","name":"Ecco come trovare e conoscere una donna infedele a Novara","isPartOf":{"@id":"https:\/\/www.donnainfedele.com\/blog\/#website"},"datePublished":"2015-07-15T16:14:51+00:00","dateModified":"2015-07-15T16:14:51+00:00","description":"Vuoi incontrare una vera donna infedele a Novara? ecco come fare, su Donnainfedele ne troverai a decine disposte a parlarti e magari incontrarti...","breadcrumb":{"@id":"https:\/\/www.donnainfedele.com\/blog\/ecco-come-trovare-e-conoscere-una-donna-infedele-a-novara\/#breadcrumb"},"inLanguage":"it-IT","potentialAction":[{"@type":"ReadAction","target":["https:\/\/www.donnainfedele.com\/blog\/ecco-come-trovare-e-conoscere-una-donna-infedele-a-novara\/"]}]},{"@type":"BreadcrumbList","@id":"https:\/\/www.donnainfedele.com\/blog\/ecco-come-trovare-e-conoscere-una-donna-infedele-a-novara\/#breadcrumb","itemListElement":[{"@type":"ListItem","position":1,"name":"Home","item":"https:\/\/www.donnainfedele.com\/blog\/"},{"@type":"ListItem","position":2,"name":"Ecco come trovare e conoscere una donna infedele a Novara"}]}]}},"jetpack_sharing_enabled":true,"jetpack_shortlink":"https:\/\/wp.me\/P9HlMc-8r","_links":{"self":[{"href":"https:\/\/www.donnainfedele.com\/blog\/wp-json\/wp\/v2\/pages\/523","targetHints":{"allow":["GET"]}}],"collection":[{"href":"https:\/\/www.donnainfedele.com\/blog\/wp-json\/wp\/v2\/pages"}],"about":[{"href":"https:\/\/www.donnainfedele.com\/blog\/wp-json\/wp\/v2\/types\/page"}],"author":[{"embeddable":true,"href":"https:\/\/www.donnainfedele.com\/blog\/wp-json\/wp\/v2\/users\/1"}],"replies":[{"embeddable":true,"href":"https:\/\/www.donnainfedele.com\/blog\/wp-json\/wp\/v2\/comments?post=523"}],"version-history":[{"count":1,"href":"https:\/\/www.donnainfedele.com\/blog\/wp-json\/wp\/v2\/pages\/523\/revisions"}],"predecessor-version":[{"id":524,"href":"https:\/\/www.donnainfedele.com\/blog\/wp-json\/wp\/v2\/pages\/523\/revisions\/524"}],"wp:attachment":[{"href":"https:\/\/www.donnainfedele.com\/blog\/wp-json\/wp\/v2\/media?parent=523"}],"curies":[{"name":"wp","href":"https:\/\/api.w.org\/{rel}","templated":true}]}}