{"id":547,"date":"2015-07-16T02:35:34","date_gmt":"2015-07-16T00:35:34","guid":{"rendered":"http:\/\/www.donnainfedele.com\/blog\/?page_id=547"},"modified":"2015-07-16T02:35:34","modified_gmt":"2015-07-16T00:35:34","slug":"vuoi-incontrare-donne-infedeli-a-catania","status":"publish","type":"page","link":"https:\/\/www.donnainfedele.com\/blog\/vuoi-incontrare-donne-infedeli-a-catania\/","title":{"rendered":"Vuoi incontrare donne infedeli a Catania?"},"content":{"rendered":"<h2>Veri incontri infedeli a Catania e Provincia<\/h2>\n<p>Il calore e la passionalit\u00e0 delle donne catanesi \u00e8 evidente a chi visita questa bellissima terra. Alle falde dell&#8217;Etna anche le donne di Catania cercano piccoli peccati e momenti di evasione, per dare un pizzico di pepe alle proprie giornate. Se cerchi donne infedeli a Catania, dunque, potrai certamente trovarle, ma la soluzione pi\u00f9 comoda e sicura \u00e8 affidarti al web.<\/p>\n<h2>Donne infedeli che evadono dalla routine<\/h2>\n<p>Gli ultimi sondaggi mostrano senza ombra di dubbio che uomini e donne tradiscono allo stesso modo. Si tradisce per noia, routine, inclinazione naturale, o semplicemente per provare nuove emozioni, rendendo pi\u00f9 interessanti e vive le nostre giornate. Alcuni psicologi dicono addirittura che il tradimento a volte salva i matrimoni!\u00a0Un&#8217;apologia della scappatella? Forse&#8230;<\/p>\n<h2>Su Donnainfedele.com tentazioni a portata di click!<\/h2>\n<p>Donnainfedele.com nasce per incrociare i desideri di donne che vogliono tradire ed uomini che cercano amanti infedeli, piccoli flirt online o scappatelle mordi e fuggi. Quanto \u00e8 difficile nella vita di tutti i giorni creare un nuovo rapporto di coppia? Con il web bypassiamo questi ostacoli e mettiamo direttamente in contatto donne e ragazze &#8220;curiose&#8221; con uomini che non vedono l&#8217;ora di fare la loro conoscenza!<\/p>\n<h2>Anche a Catania donne e ragazze vogliono tradire!<\/h2>\n<p>La passionalit\u00e0 delle donne sicule e catanesi\u00a0\u00e8 una garanzia. Ma per chi sceglie di tradire o vuole provare il brivido di un flirt extraconiugale, la privacy \u00e8 essenziale. Solo il web garantisce questo tipo di protezione: ci si pu\u00f2 conoscere gradualmente con messaggi e scambio di foto, lasciandosi andare un po&#8217; per volta finch\u00e9 non scatta quel feeling irresistibile! Decidere di incontrarsi \u00e8 semplicissimo, quando ci sono ottime basi.<\/p>\n<hr \/>\n<p>&nbsp;<\/p>\n<h3 style=\"text-align: right;\">Carmela, 29 anni, Catania Borgo<\/h3>\n<blockquote><p>Sono Carmela, nata e cresciuta a Catania. Fidanzata da 15 anni, sposata da 2. Ero stata solo con il mio uomo fino a un paio d&#8217;anni fa, quando ho deciso che non mi bastava pi\u00f9. Per caso sono capitata su un sito di incontri\u00a0e da l\u00ec entrata in confidenza con una persona. Poi ho scoperto questo sito e, quando mi va, scambio due chiacchiere volentieri con bei maschietti di tutta Italia. Se poi scatta qualcosa&#8230;<\/p><\/blockquote>\n<h3 style=\"text-align: right;\">Luciana, 41 anni, Catania Centro<\/h3>\n<blockquote><p>Mi chiamo Luciana, catanese DOC e amante della mia terra. Sono sempre stata un pochino monella, anche dopo il matrimonio, anche se non tradisco in modo seriale, diciamo che lo faccio ogni tanto se ne vale la pena. Mi piace flirtare con gli uomini, fare sesso online, guardarci in cam&#8230; Insomma giocare e fare sexting, e su Donnainfedele ho trovato veramente una miniera di stimoli!<\/p><\/blockquote>\n<h3 style=\"text-align: right;\">Santo, 36 anni, Catania Ognina<\/h3>\n<blockquote><p>Mi piacciono le donne che hanno il coraggio di tradire e cercare avventure, anche di una sola notte. Sono donne piene di fuoco e passione, quando le incontri, e non ti lasciano mai deluso. Su questo sito ne ho trovate a decine, e anche se non \u00e8 semplice attirare la loro attenzione, una volta entrati in confidenza pu\u00f2 succedere veramente di tutto!<\/p><\/blockquote>\n<p>&nbsp;<\/p>\n","protected":false},"excerpt":{"rendered":"<p>Veri incontri infedeli a Catania e Provincia Il calore e la passionalit\u00e0 delle donne catanesi \u00e8 evidente a chi visita questa bellissima terra. Alle falde dell&#8217;Etna [&hellip;]<\/p>\n","protected":false},"author":1,"featured_media":0,"parent":0,"menu_order":0,"comment_status":"open","ping_status":"open","template":"","meta":{"spay_email":"","footnotes":""},"class_list":["post-547","page","type-page","status-publish","hentry"],"yoast_head":"<!-- This site is optimized with the Yoast SEO plugin v18.4.1 - https:\/\/yoast.com\/wordpress\/plugins\/seo\/ -->\n<title>Vuoi incontrare donne infedeli a Catania? - Blog del Tradimento<\/title>\n<meta name=\"description\" content=\"Come trovare vere donne infedeli a Catania? La soluzione \u00e8 Donnainfedele, un nuovo sito dedicato a ragazze e donne che vogliono tradire.\" \/>\n<meta name=\"robots\" content=\"index, follow, max-snippet:-1, max-image-preview:large, max-video-preview:-1\" \/>\n<link rel=\"canonical\" href=\"https:\/\/www.donnainfedele.com\/blog\/vuoi-incontrare-donne-infedeli-a-catania\/\" \/>\n<meta property=\"og:locale\" content=\"it_IT\" \/>\n<meta property=\"og:type\" content=\"article\" \/>\n<meta property=\"og:title\" content=\"Vuoi incontrare donne infedeli a Catania? - Blog del Tradimento\" \/>\n<meta property=\"og:description\" content=\"Come trovare vere donne infedeli a Catania? La soluzione \u00e8 Donnainfedele, un nuovo sito dedicato a ragazze e donne che vogliono tradire.\" \/>\n<meta property=\"og:url\" content=\"https:\/\/www.donnainfedele.com\/blog\/vuoi-incontrare-donne-infedeli-a-catania\/\" \/>\n<meta property=\"og:site_name\" content=\"Blog del Tradimento\" \/>\n<meta name=\"twitter:label1\" content=\"Tempo di lettura stimato\" \/>\n\t<meta name=\"twitter:data1\" content=\"2 minuti\" \/>\n<script type=\"application\/ld+json\" class=\"yoast-schema-graph\">{\"@context\":\"https:\/\/schema.org\",\"@graph\":[{\"@type\":\"WebSite\",\"@id\":\"https:\/\/www.donnainfedele.com\/blog\/#website\",\"url\":\"https:\/\/www.donnainfedele.com\/blog\/\",\"name\":\"Blog del Tradimento\",\"description\":\"Le donne sposate e infedeli in cerca di uomini sposati e single\",\"potentialAction\":[{\"@type\":\"SearchAction\",\"target\":{\"@type\":\"EntryPoint\",\"urlTemplate\":\"https:\/\/www.donnainfedele.com\/blog\/?s={search_term_string}\"},\"query-input\":\"required name=search_term_string\"}],\"inLanguage\":\"it-IT\"},{\"@type\":\"WebPage\",\"@id\":\"https:\/\/www.donnainfedele.com\/blog\/vuoi-incontrare-donne-infedeli-a-catania\/#webpage\",\"url\":\"https:\/\/www.donnainfedele.com\/blog\/vuoi-incontrare-donne-infedeli-a-catania\/\",\"name\":\"Vuoi incontrare donne infedeli a Catania? - Blog del Tradimento\",\"isPartOf\":{\"@id\":\"https:\/\/www.donnainfedele.com\/blog\/#website\"},\"datePublished\":\"2015-07-16T00:35:34+00:00\",\"dateModified\":\"2015-07-16T00:35:34+00:00\",\"description\":\"Come trovare vere donne infedeli a Catania? La soluzione \u00e8 Donnainfedele, un nuovo sito dedicato a ragazze e donne che vogliono tradire.\",\"breadcrumb\":{\"@id\":\"https:\/\/www.donnainfedele.com\/blog\/vuoi-incontrare-donne-infedeli-a-catania\/#breadcrumb\"},\"inLanguage\":\"it-IT\",\"potentialAction\":[{\"@type\":\"ReadAction\",\"target\":[\"https:\/\/www.donnainfedele.com\/blog\/vuoi-incontrare-donne-infedeli-a-catania\/\"]}]},{\"@type\":\"BreadcrumbList\",\"@id\":\"https:\/\/www.donnainfedele.com\/blog\/vuoi-incontrare-donne-infedeli-a-catania\/#breadcrumb\",\"itemListElement\":[{\"@type\":\"ListItem\",\"position\":1,\"name\":\"Home\",\"item\":\"https:\/\/www.donnainfedele.com\/blog\/\"},{\"@type\":\"ListItem\",\"position\":2,\"name\":\"Vuoi incontrare donne infedeli a Catania?\"}]}]}<\/script>\n<!-- \/ Yoast SEO plugin. -->","yoast_head_json":{"title":"Vuoi incontrare donne infedeli a Catania? - Blog del Tradimento","description":"Come trovare vere donne infedeli a Catania? La soluzione \u00e8 Donnainfedele, un nuovo sito dedicato a ragazze e donne che vogliono tradire.","robots":{"index":"index","follow":"follow","max-snippet":"max-snippet:-1","max-image-preview":"max-image-preview:large","max-video-preview":"max-video-preview:-1"},"canonical":"https:\/\/www.donnainfedele.com\/blog\/vuoi-incontrare-donne-infedeli-a-catania\/","og_locale":"it_IT","og_type":"article","og_title":"Vuoi incontrare donne infedeli a Catania? - Blog del Tradimento","og_description":"Come trovare vere donne infedeli a Catania? La soluzione \u00e8 Donnainfedele, un nuovo sito dedicato a ragazze e donne che vogliono tradire.","og_url":"https:\/\/www.donnainfedele.com\/blog\/vuoi-incontrare-donne-infedeli-a-catania\/","og_site_name":"Blog del Tradimento","twitter_misc":{"Tempo di lettura stimato":"2 minuti"},"schema":{"@context":"https:\/\/schema.org","@graph":[{"@type":"WebSite","@id":"https:\/\/www.donnainfedele.com\/blog\/#website","url":"https:\/\/www.donnainfedele.com\/blog\/","name":"Blog del Tradimento","description":"Le donne sposate e infedeli in cerca di uomini sposati e single","potentialAction":[{"@type":"SearchAction","target":{"@type":"EntryPoint","urlTemplate":"https:\/\/www.donnainfedele.com\/blog\/?s={search_term_string}"},"query-input":"required name=search_term_string"}],"inLanguage":"it-IT"},{"@type":"WebPage","@id":"https:\/\/www.donnainfedele.com\/blog\/vuoi-incontrare-donne-infedeli-a-catania\/#webpage","url":"https:\/\/www.donnainfedele.com\/blog\/vuoi-incontrare-donne-infedeli-a-catania\/","name":"Vuoi incontrare donne infedeli a Catania? - Blog del Tradimento","isPartOf":{"@id":"https:\/\/www.donnainfedele.com\/blog\/#website"},"datePublished":"2015-07-16T00:35:34+00:00","dateModified":"2015-07-16T00:35:34+00:00","description":"Come trovare vere donne infedeli a Catania? La soluzione \u00e8 Donnainfedele, un nuovo sito dedicato a ragazze e donne che vogliono tradire.","breadcrumb":{"@id":"https:\/\/www.donnainfedele.com\/blog\/vuoi-incontrare-donne-infedeli-a-catania\/#breadcrumb"},"inLanguage":"it-IT","potentialAction":[{"@type":"ReadAction","target":["https:\/\/www.donnainfedele.com\/blog\/vuoi-incontrare-donne-infedeli-a-catania\/"]}]},{"@type":"BreadcrumbList","@id":"https:\/\/www.donnainfedele.com\/blog\/vuoi-incontrare-donne-infedeli-a-catania\/#breadcrumb","itemListElement":[{"@type":"ListItem","position":1,"name":"Home","item":"https:\/\/www.donnainfedele.com\/blog\/"},{"@type":"ListItem","position":2,"name":"Vuoi incontrare donne infedeli a Catania?"}]}]}},"jetpack_sharing_enabled":true,"jetpack_shortlink":"https:\/\/wp.me\/P9HlMc-8P","_links":{"self":[{"href":"https:\/\/www.donnainfedele.com\/blog\/wp-json\/wp\/v2\/pages\/547","targetHints":{"allow":["GET"]}}],"collection":[{"href":"https:\/\/www.donnainfedele.com\/blog\/wp-json\/wp\/v2\/pages"}],"about":[{"href":"https:\/\/www.donnainfedele.com\/blog\/wp-json\/wp\/v2\/types\/page"}],"author":[{"embeddable":true,"href":"https:\/\/www.donnainfedele.com\/blog\/wp-json\/wp\/v2\/users\/1"}],"replies":[{"embeddable":true,"href":"https:\/\/www.donnainfedele.com\/blog\/wp-json\/wp\/v2\/comments?post=547"}],"version-history":[{"count":1,"href":"https:\/\/www.donnainfedele.com\/blog\/wp-json\/wp\/v2\/pages\/547\/revisions"}],"predecessor-version":[{"id":548,"href":"https:\/\/www.donnainfedele.com\/blog\/wp-json\/wp\/v2\/pages\/547\/revisions\/548"}],"wp:attachment":[{"href":"https:\/\/www.donnainfedele.com\/blog\/wp-json\/wp\/v2\/media?parent=547"}],"curies":[{"name":"wp","href":"https:\/\/api.w.org\/{rel}","templated":true}]}}