{"id":553,"date":"2015-07-16T02:38:31","date_gmt":"2015-07-16T00:38:31","guid":{"rendered":"http:\/\/www.donnainfedele.com\/blog\/?page_id=553"},"modified":"2015-07-16T02:38:31","modified_gmt":"2015-07-16T00:38:31","slug":"conosci-donne-infedeli-a-monza","status":"publish","type":"page","link":"https:\/\/www.donnainfedele.com\/blog\/conosci-donne-infedeli-a-monza\/","title":{"rendered":"Conosci donne infedeli a Monza"},"content":{"rendered":"<h2>Sai dove trovare vere donne infedeli a Monza<\/h2>\n<p>Anche a <strong>Monza<\/strong>, a pochi minuti da Milano, puoi incontrare una <strong>donna infedele<\/strong> in cerca di nuovi brividi. Ok, ma dove trovarla? Di infedeli reali e potenziali ne esistono tante, il punto \u00e8 riuscire a scovarle ed entrare nel loro mondo. Grazie ad internet, ovviamente.<\/p>\n<h2>Le donne tradiscono proprio come gli uomini&#8230;<\/h2>\n<p>E&#8217; tra le domande pi\u00f9 gettonate nei sondaggi: tradiscono di pi\u00f9 le donne o gli uomini? E in quali fasce d&#8217;et\u00e0? Gli ultimi numeri parlano di sostanziale parit\u00e0, se non addirittura in alcuni paesi di una maggioranza di donne infedeli! Complice il web, insomma, il tradimento 2.0 ha tirato fuori il lato pi\u00f9 monello e disinibito delle donne impegnate!<\/p>\n<h2>Scopri vere monelle infedeli su donnainfedele.com<\/h2>\n<p>Donnainfedele.com nasce con l&#8217;obiettivo di creare uno spazio dedicato alle donne infedeli. Uno spazio per conoscere nuovi partner e potenziali amanti, nella piena sicurezza e privacy di un portale web di ultima generazione. Anche in Lombardia troverai centinaia di donne disposte a chattare ed incontrarti, o semplicemente smaniose di trascorrere qualche minuto di gioco in cam.<\/p>\n<h2>Incontrare ragazze e donne fedifraghe a Monza<\/h2>\n<p>Le <strong>donne infedeli a Monza<\/strong>, come in tutto il resto d&#8217;Italia, amano affidarsi ad internet per i loro annunci peccaminosi. Il lato B di internet \u00e8 protetto da una patina di oscurit\u00e0: grazie ai siti di dating basta un veloce scambio di messaggi e ci si pu\u00f2 subito incontrare, senza destare sospetti e mettendosi reciprocamente alla prova. Quello che accadr\u00e0 dopo&#8230;beh, speriamo sia davvero indimenticabile!<\/p>\n<hr \/>\n<p>&nbsp;<\/p>\n<h3 style=\"text-align: right;\">Alfio, 39 anni, Monza centro<\/h3>\n<blockquote><p>Questo sito mi ha veramente cambiato la vita! Sono single da 3 anni perch\u00e8 mi piacciono troppo le donne, ma non avrei mai immaginato di poterne conoscere cos\u00ec tante in cos\u00ec poco tempo! All&#8217;inizio ero diffidente, perch\u00e8 ho sempre usato poco internet. Poi ho capito che le donne vanno prese per il verso giusto, e se c&#8217;\u00e8 fiducia e rispetto reciproco pu\u00f2 succedere di tutto, anche incontrarsi dopo una sola conversazione online!<\/p><\/blockquote>\n<h3 style=\"text-align: right;\">Margherita, 29 anni, Monza Centro<\/h3>\n<blockquote><p>Mi chiamo Margherita, e uso internet oramai da 15 anni per conoscere persone, anche se non l&#8217;ho mai fatto molto spesso. Sono fidanzata e insoddisfatta, e cercavo qualcosa per dare un pizzico di pepe alle mie giornate. Cos\u00ec mi sono iscritta a donnainfedele e sono semplicemente rimasta a guardare. Decine di uomini mi hanno contattata, io con calma ho scelto i pi\u00f9 interessanti e, vi dico la verit\u00e0, ho anche fatto qualche incontro. Insomma, non mi stancher\u00f2 mai di usare il sito!<\/p><\/blockquote>\n<h3 style=\"text-align: right;\">Valeria, 35 anni, Monza periferia<\/h3>\n<blockquote><p>Io sono Valeria, trentacinquenne impiegata con una vita abbastanza normale, inclusa routine coniugale. Una mia amica mi ha consigliato di iscrivermi al sito ed io l&#8217;ho fatto, con un po&#8217; di diffidenza. Poi, tra i tantissimi messaggi ricevuti ne ho scoperto uno che mi colpiva&#8230; Era quello di Pietro, un brillante e interessante quarantenne con cui si \u00e8 creato subito feeling. Ho lasciato tutto per lui? Niente affatto: sono una donna troppo libera, e ho semplicemente imparato a conoscere nuove persone per qualche notte di evasione full optional.<\/p>\n<p>&nbsp;<\/p><\/blockquote>\n<p>&nbsp;<\/p>\n","protected":false},"excerpt":{"rendered":"<p>Sai dove trovare vere donne infedeli a Monza Anche a Monza, a pochi minuti da Milano, puoi incontrare una donna infedele in cerca di nuovi brividi. [&hellip;]<\/p>\n","protected":false},"author":1,"featured_media":0,"parent":0,"menu_order":0,"comment_status":"open","ping_status":"open","template":"","meta":{"spay_email":"","footnotes":""},"class_list":["post-553","page","type-page","status-publish","hentry"],"yoast_head":"<!-- This site is optimized with the Yoast SEO plugin v18.4.1 - https:\/\/yoast.com\/wordpress\/plugins\/seo\/ -->\n<title>Conosci donne infedeli a Monza - Blog del Tradimento<\/title>\n<meta name=\"description\" content=\"Hai mai pensato a come sarebbe incontrare una donna infedele a Monza? Ora c&#039;\u00e8 un sito web dove troverai centinaia di potenziali fedifraghe disponibili...\" \/>\n<meta name=\"robots\" content=\"index, follow, max-snippet:-1, max-image-preview:large, max-video-preview:-1\" \/>\n<link rel=\"canonical\" href=\"https:\/\/www.donnainfedele.com\/blog\/conosci-donne-infedeli-a-monza\/\" \/>\n<meta property=\"og:locale\" content=\"it_IT\" \/>\n<meta property=\"og:type\" content=\"article\" \/>\n<meta property=\"og:title\" content=\"Conosci donne infedeli a Monza - Blog del Tradimento\" \/>\n<meta property=\"og:description\" content=\"Hai mai pensato a come sarebbe incontrare una donna infedele a Monza? Ora c&#039;\u00e8 un sito web dove troverai centinaia di potenziali fedifraghe disponibili...\" \/>\n<meta property=\"og:url\" content=\"https:\/\/www.donnainfedele.com\/blog\/conosci-donne-infedeli-a-monza\/\" \/>\n<meta property=\"og:site_name\" content=\"Blog del Tradimento\" \/>\n<meta name=\"twitter:label1\" content=\"Tempo di lettura stimato\" \/>\n\t<meta name=\"twitter:data1\" content=\"3 minuti\" \/>\n<script type=\"application\/ld+json\" class=\"yoast-schema-graph\">{\"@context\":\"https:\/\/schema.org\",\"@graph\":[{\"@type\":\"WebSite\",\"@id\":\"https:\/\/www.donnainfedele.com\/blog\/#website\",\"url\":\"https:\/\/www.donnainfedele.com\/blog\/\",\"name\":\"Blog del Tradimento\",\"description\":\"Le donne sposate e infedeli in cerca di uomini sposati e single\",\"potentialAction\":[{\"@type\":\"SearchAction\",\"target\":{\"@type\":\"EntryPoint\",\"urlTemplate\":\"https:\/\/www.donnainfedele.com\/blog\/?s={search_term_string}\"},\"query-input\":\"required name=search_term_string\"}],\"inLanguage\":\"it-IT\"},{\"@type\":\"WebPage\",\"@id\":\"https:\/\/www.donnainfedele.com\/blog\/conosci-donne-infedeli-a-monza\/#webpage\",\"url\":\"https:\/\/www.donnainfedele.com\/blog\/conosci-donne-infedeli-a-monza\/\",\"name\":\"Conosci donne infedeli a Monza - Blog del Tradimento\",\"isPartOf\":{\"@id\":\"https:\/\/www.donnainfedele.com\/blog\/#website\"},\"datePublished\":\"2015-07-16T00:38:31+00:00\",\"dateModified\":\"2015-07-16T00:38:31+00:00\",\"description\":\"Hai mai pensato a come sarebbe incontrare una donna infedele a Monza? Ora c'\u00e8 un sito web dove troverai centinaia di potenziali fedifraghe disponibili...\",\"breadcrumb\":{\"@id\":\"https:\/\/www.donnainfedele.com\/blog\/conosci-donne-infedeli-a-monza\/#breadcrumb\"},\"inLanguage\":\"it-IT\",\"potentialAction\":[{\"@type\":\"ReadAction\",\"target\":[\"https:\/\/www.donnainfedele.com\/blog\/conosci-donne-infedeli-a-monza\/\"]}]},{\"@type\":\"BreadcrumbList\",\"@id\":\"https:\/\/www.donnainfedele.com\/blog\/conosci-donne-infedeli-a-monza\/#breadcrumb\",\"itemListElement\":[{\"@type\":\"ListItem\",\"position\":1,\"name\":\"Home\",\"item\":\"https:\/\/www.donnainfedele.com\/blog\/\"},{\"@type\":\"ListItem\",\"position\":2,\"name\":\"Conosci donne infedeli a Monza\"}]}]}<\/script>\n<!-- \/ Yoast SEO plugin. -->","yoast_head_json":{"title":"Conosci donne infedeli a Monza - Blog del Tradimento","description":"Hai mai pensato a come sarebbe incontrare una donna infedele a Monza? Ora c'\u00e8 un sito web dove troverai centinaia di potenziali fedifraghe disponibili...","robots":{"index":"index","follow":"follow","max-snippet":"max-snippet:-1","max-image-preview":"max-image-preview:large","max-video-preview":"max-video-preview:-1"},"canonical":"https:\/\/www.donnainfedele.com\/blog\/conosci-donne-infedeli-a-monza\/","og_locale":"it_IT","og_type":"article","og_title":"Conosci donne infedeli a Monza - Blog del Tradimento","og_description":"Hai mai pensato a come sarebbe incontrare una donna infedele a Monza? Ora c'\u00e8 un sito web dove troverai centinaia di potenziali fedifraghe disponibili...","og_url":"https:\/\/www.donnainfedele.com\/blog\/conosci-donne-infedeli-a-monza\/","og_site_name":"Blog del Tradimento","twitter_misc":{"Tempo di lettura stimato":"3 minuti"},"schema":{"@context":"https:\/\/schema.org","@graph":[{"@type":"WebSite","@id":"https:\/\/www.donnainfedele.com\/blog\/#website","url":"https:\/\/www.donnainfedele.com\/blog\/","name":"Blog del Tradimento","description":"Le donne sposate e infedeli in cerca di uomini sposati e single","potentialAction":[{"@type":"SearchAction","target":{"@type":"EntryPoint","urlTemplate":"https:\/\/www.donnainfedele.com\/blog\/?s={search_term_string}"},"query-input":"required name=search_term_string"}],"inLanguage":"it-IT"},{"@type":"WebPage","@id":"https:\/\/www.donnainfedele.com\/blog\/conosci-donne-infedeli-a-monza\/#webpage","url":"https:\/\/www.donnainfedele.com\/blog\/conosci-donne-infedeli-a-monza\/","name":"Conosci donne infedeli a Monza - Blog del Tradimento","isPartOf":{"@id":"https:\/\/www.donnainfedele.com\/blog\/#website"},"datePublished":"2015-07-16T00:38:31+00:00","dateModified":"2015-07-16T00:38:31+00:00","description":"Hai mai pensato a come sarebbe incontrare una donna infedele a Monza? Ora c'\u00e8 un sito web dove troverai centinaia di potenziali fedifraghe disponibili...","breadcrumb":{"@id":"https:\/\/www.donnainfedele.com\/blog\/conosci-donne-infedeli-a-monza\/#breadcrumb"},"inLanguage":"it-IT","potentialAction":[{"@type":"ReadAction","target":["https:\/\/www.donnainfedele.com\/blog\/conosci-donne-infedeli-a-monza\/"]}]},{"@type":"BreadcrumbList","@id":"https:\/\/www.donnainfedele.com\/blog\/conosci-donne-infedeli-a-monza\/#breadcrumb","itemListElement":[{"@type":"ListItem","position":1,"name":"Home","item":"https:\/\/www.donnainfedele.com\/blog\/"},{"@type":"ListItem","position":2,"name":"Conosci donne infedeli a Monza"}]}]}},"jetpack_sharing_enabled":true,"jetpack_shortlink":"https:\/\/wp.me\/P9HlMc-8V","_links":{"self":[{"href":"https:\/\/www.donnainfedele.com\/blog\/wp-json\/wp\/v2\/pages\/553","targetHints":{"allow":["GET"]}}],"collection":[{"href":"https:\/\/www.donnainfedele.com\/blog\/wp-json\/wp\/v2\/pages"}],"about":[{"href":"https:\/\/www.donnainfedele.com\/blog\/wp-json\/wp\/v2\/types\/page"}],"author":[{"embeddable":true,"href":"https:\/\/www.donnainfedele.com\/blog\/wp-json\/wp\/v2\/users\/1"}],"replies":[{"embeddable":true,"href":"https:\/\/www.donnainfedele.com\/blog\/wp-json\/wp\/v2\/comments?post=553"}],"version-history":[{"count":1,"href":"https:\/\/www.donnainfedele.com\/blog\/wp-json\/wp\/v2\/pages\/553\/revisions"}],"predecessor-version":[{"id":554,"href":"https:\/\/www.donnainfedele.com\/blog\/wp-json\/wp\/v2\/pages\/553\/revisions\/554"}],"wp:attachment":[{"href":"https:\/\/www.donnainfedele.com\/blog\/wp-json\/wp\/v2\/media?parent=553"}],"curies":[{"name":"wp","href":"https:\/\/api.w.org\/{rel}","templated":true}]}}