{"id":556,"date":"2015-07-16T02:40:23","date_gmt":"2015-07-16T00:40:23","guid":{"rendered":"http:\/\/www.donnainfedele.com\/blog\/?page_id=556"},"modified":"2015-07-16T02:40:23","modified_gmt":"2015-07-16T00:40:23","slug":"vere-donne-infedeli-a-modena","status":"publish","type":"page","link":"https:\/\/www.donnainfedele.com\/blog\/vere-donne-infedeli-a-modena\/","title":{"rendered":"Vere donne infedeli a Modena"},"content":{"rendered":"<h2>Ecco come incontrare donne che vogliono tradire a Modena<\/h2>\n<p>Hai sempre sognato di fare veri <strong>incontri infedeli con donne di Modena<\/strong>, della tua citt\u00e0&#8230; Sembra facile, ma tante abitudini e inibizioni riducono le vere occasioni di incontro, e le fantasie spesso sono costrette a restare tali.<\/p>\n<p>La soluzione? Affidarsi al web, anche per conoscere infedeli emiliane DOC e incontrarle dal vivo dopo qualche bollente chattata online.<\/p>\n<h2>Il tradimento sul web, per un nuovo brivido<\/h2>\n<p>Con la nascita delle prime chat abbiamo subito scoperto le nuove potenzialit\u00e0 di internet in fatto di incontri infedeli. Online \u00e8 pi\u00f9 facile parlare di argomenti proibiti perch\u00e8 si pu\u00f2 restare nell&#8217;anonimato, ma poco a poco ti prende quella voglia di capirne di pi\u00f9 e pu\u00f2 scattare il desiderio di incontrare la persona con cui hai condiviso momenti hot!<\/p>\n<h2>Donnainfedele.com, un sito per le tue avventure extraconiugali<\/h2>\n<p><strong>Donnainfedele.com<\/strong> \u00e8 un sito nato per le vere donne infedeli che cercano un luogo dove avverare le proprie fantasie. Un portale sicuro al 100% dove gli uomini potranno contattare centinaia di donne tentate dall&#8217;infedelt\u00e0, alla ricerca di un&#8217;amante o di una semplice avventura di una notte, solo sulla base di una forte attrazione fisica.<\/p>\n<h2>Donne che cercano un amante a Modena<\/h2>\n<p>Si, le donne infedeli a Modena si nascondono tra la gente comune, insospettabile&#8230; Magari sono abbigliate come una comune casalinga, una professionista o una calda milf, ma come conoscere nell&#8217;intimo i loro desideri, e capire che sarebbero disposte a incontrarti? Da oggi potrai farlo grazie al web, e incontrare vere infedeli modenesi per appuntamenti al buio ad alto tasso di testosterone!<\/p>\n<hr \/>\n<p>&nbsp;<\/p>\n<h3 style=\"text-align: right;\">Raffaella, 37 anni, Modena Crocetta<\/h3>\n<blockquote><p>Ciao a tutti, volevo raccontarvi la mia esperienza con questo sito perch\u00e8 penso sia fondamentale. Qui ho potuto lasciarmi andare e descrivermi per quella che sono, senza nascondere le mie fantasie proibite. Ho anche incontrato persone davvero interessanti, e ne ho incontrate diverse perch\u00e8 sono sempre stata infedele e non ho mai smesso di esserlo, nonostante io viva un rapporto di coppia stabile.<\/p><\/blockquote>\n<h3 style=\"text-align: right;\">Gloria, 47\u00a0anni, Modena San Faustino<\/h3>\n<blockquote><p>Io sono Gloria, vivo a Modena e sono quella che alcuni maschietti definirebbero una Milf. Insomma mi piace vestirmi sexy, molto curata, anche a mio marito eccita tantissimo e lui sa bene che sono un po&#8217; monella&#8230; Sa anche che sono iscritta su questo sito, siamo una coppia abbastanza aperta e ci piace giocare con altri. Ok, forse non si chiama pi\u00f9 tradimento, ma sul sito \u00e8 facilissimo trovare nuovi partner anche molto attraenti!<\/p><\/blockquote>\n<h3 style=\"text-align: right;\">Luigi, 33 anni, Modena Centro<\/h3>\n<blockquote><p>Ciao, io sono Luigi e sono un vero modenese, ma anche un gran monello! Sono single e mi piacciono le donne, giovani e meno giovani, ma preferisco di gran lunga quelle che vogliono tradire! Si, le infedeli hanno una marcia in pi\u00f9, sono pi\u00f9 scatenate e vogliono divertirsi, non hanno inibizioni.Ecco perch\u00e8 ho scelto di iscrivermi a donnainfedele, e da subito ne ho tratto giovamento avendo incontrato gi\u00e0 3 ragazze!<\/p><\/blockquote>\n","protected":false},"excerpt":{"rendered":"<p>Ecco come incontrare donne che vogliono tradire a Modena Hai sempre sognato di fare veri incontri infedeli con donne di Modena, della tua citt\u00e0&#8230; Sembra facile, [&hellip;]<\/p>\n","protected":false},"author":1,"featured_media":0,"parent":0,"menu_order":0,"comment_status":"open","ping_status":"open","template":"","meta":{"spay_email":"","footnotes":""},"class_list":["post-556","page","type-page","status-publish","hentry"],"yoast_head":"<!-- This site is optimized with the Yoast SEO plugin v18.4.1 - https:\/\/yoast.com\/wordpress\/plugins\/seo\/ -->\n<title>Vere donne infedeli a Modena - Blog del Tradimento<\/title>\n<meta name=\"description\" content=\"Se vuoi incontrare donne infedeli a Modena ora hai una nuova possibilit\u00e0: affidarti a donnainfedele.com e conoscere migliaia di traditrici emiliane.\" \/>\n<meta name=\"robots\" content=\"index, follow, max-snippet:-1, max-image-preview:large, max-video-preview:-1\" \/>\n<link rel=\"canonical\" href=\"https:\/\/www.donnainfedele.com\/blog\/vere-donne-infedeli-a-modena\/\" \/>\n<meta property=\"og:locale\" content=\"it_IT\" \/>\n<meta property=\"og:type\" content=\"article\" \/>\n<meta property=\"og:title\" content=\"Vere donne infedeli a Modena - Blog del Tradimento\" \/>\n<meta property=\"og:description\" content=\"Se vuoi incontrare donne infedeli a Modena ora hai una nuova possibilit\u00e0: affidarti a donnainfedele.com e conoscere migliaia di traditrici emiliane.\" \/>\n<meta property=\"og:url\" content=\"https:\/\/www.donnainfedele.com\/blog\/vere-donne-infedeli-a-modena\/\" \/>\n<meta property=\"og:site_name\" content=\"Blog del Tradimento\" \/>\n<meta name=\"twitter:label1\" content=\"Tempo di lettura stimato\" \/>\n\t<meta name=\"twitter:data1\" content=\"2 minuti\" \/>\n<script type=\"application\/ld+json\" class=\"yoast-schema-graph\">{\"@context\":\"https:\/\/schema.org\",\"@graph\":[{\"@type\":\"WebSite\",\"@id\":\"https:\/\/www.donnainfedele.com\/blog\/#website\",\"url\":\"https:\/\/www.donnainfedele.com\/blog\/\",\"name\":\"Blog del Tradimento\",\"description\":\"Le donne sposate e infedeli in cerca di uomini sposati e single\",\"potentialAction\":[{\"@type\":\"SearchAction\",\"target\":{\"@type\":\"EntryPoint\",\"urlTemplate\":\"https:\/\/www.donnainfedele.com\/blog\/?s={search_term_string}\"},\"query-input\":\"required name=search_term_string\"}],\"inLanguage\":\"it-IT\"},{\"@type\":\"WebPage\",\"@id\":\"https:\/\/www.donnainfedele.com\/blog\/vere-donne-infedeli-a-modena\/#webpage\",\"url\":\"https:\/\/www.donnainfedele.com\/blog\/vere-donne-infedeli-a-modena\/\",\"name\":\"Vere donne infedeli a Modena - Blog del Tradimento\",\"isPartOf\":{\"@id\":\"https:\/\/www.donnainfedele.com\/blog\/#website\"},\"datePublished\":\"2015-07-16T00:40:23+00:00\",\"dateModified\":\"2015-07-16T00:40:23+00:00\",\"description\":\"Se vuoi incontrare donne infedeli a Modena ora hai una nuova possibilit\u00e0: affidarti a donnainfedele.com e conoscere migliaia di traditrici emiliane.\",\"breadcrumb\":{\"@id\":\"https:\/\/www.donnainfedele.com\/blog\/vere-donne-infedeli-a-modena\/#breadcrumb\"},\"inLanguage\":\"it-IT\",\"potentialAction\":[{\"@type\":\"ReadAction\",\"target\":[\"https:\/\/www.donnainfedele.com\/blog\/vere-donne-infedeli-a-modena\/\"]}]},{\"@type\":\"BreadcrumbList\",\"@id\":\"https:\/\/www.donnainfedele.com\/blog\/vere-donne-infedeli-a-modena\/#breadcrumb\",\"itemListElement\":[{\"@type\":\"ListItem\",\"position\":1,\"name\":\"Home\",\"item\":\"https:\/\/www.donnainfedele.com\/blog\/\"},{\"@type\":\"ListItem\",\"position\":2,\"name\":\"Vere donne infedeli a Modena\"}]}]}<\/script>\n<!-- \/ Yoast SEO plugin. -->","yoast_head_json":{"title":"Vere donne infedeli a Modena - Blog del Tradimento","description":"Se vuoi incontrare donne infedeli a Modena ora hai una nuova possibilit\u00e0: affidarti a donnainfedele.com e conoscere migliaia di traditrici emiliane.","robots":{"index":"index","follow":"follow","max-snippet":"max-snippet:-1","max-image-preview":"max-image-preview:large","max-video-preview":"max-video-preview:-1"},"canonical":"https:\/\/www.donnainfedele.com\/blog\/vere-donne-infedeli-a-modena\/","og_locale":"it_IT","og_type":"article","og_title":"Vere donne infedeli a Modena - Blog del Tradimento","og_description":"Se vuoi incontrare donne infedeli a Modena ora hai una nuova possibilit\u00e0: affidarti a donnainfedele.com e conoscere migliaia di traditrici emiliane.","og_url":"https:\/\/www.donnainfedele.com\/blog\/vere-donne-infedeli-a-modena\/","og_site_name":"Blog del Tradimento","twitter_misc":{"Tempo di lettura stimato":"2 minuti"},"schema":{"@context":"https:\/\/schema.org","@graph":[{"@type":"WebSite","@id":"https:\/\/www.donnainfedele.com\/blog\/#website","url":"https:\/\/www.donnainfedele.com\/blog\/","name":"Blog del Tradimento","description":"Le donne sposate e infedeli in cerca di uomini sposati e single","potentialAction":[{"@type":"SearchAction","target":{"@type":"EntryPoint","urlTemplate":"https:\/\/www.donnainfedele.com\/blog\/?s={search_term_string}"},"query-input":"required name=search_term_string"}],"inLanguage":"it-IT"},{"@type":"WebPage","@id":"https:\/\/www.donnainfedele.com\/blog\/vere-donne-infedeli-a-modena\/#webpage","url":"https:\/\/www.donnainfedele.com\/blog\/vere-donne-infedeli-a-modena\/","name":"Vere donne infedeli a Modena - Blog del Tradimento","isPartOf":{"@id":"https:\/\/www.donnainfedele.com\/blog\/#website"},"datePublished":"2015-07-16T00:40:23+00:00","dateModified":"2015-07-16T00:40:23+00:00","description":"Se vuoi incontrare donne infedeli a Modena ora hai una nuova possibilit\u00e0: affidarti a donnainfedele.com e conoscere migliaia di traditrici emiliane.","breadcrumb":{"@id":"https:\/\/www.donnainfedele.com\/blog\/vere-donne-infedeli-a-modena\/#breadcrumb"},"inLanguage":"it-IT","potentialAction":[{"@type":"ReadAction","target":["https:\/\/www.donnainfedele.com\/blog\/vere-donne-infedeli-a-modena\/"]}]},{"@type":"BreadcrumbList","@id":"https:\/\/www.donnainfedele.com\/blog\/vere-donne-infedeli-a-modena\/#breadcrumb","itemListElement":[{"@type":"ListItem","position":1,"name":"Home","item":"https:\/\/www.donnainfedele.com\/blog\/"},{"@type":"ListItem","position":2,"name":"Vere donne infedeli a Modena"}]}]}},"jetpack_sharing_enabled":true,"jetpack_shortlink":"https:\/\/wp.me\/P9HlMc-8Y","_links":{"self":[{"href":"https:\/\/www.donnainfedele.com\/blog\/wp-json\/wp\/v2\/pages\/556","targetHints":{"allow":["GET"]}}],"collection":[{"href":"https:\/\/www.donnainfedele.com\/blog\/wp-json\/wp\/v2\/pages"}],"about":[{"href":"https:\/\/www.donnainfedele.com\/blog\/wp-json\/wp\/v2\/types\/page"}],"author":[{"embeddable":true,"href":"https:\/\/www.donnainfedele.com\/blog\/wp-json\/wp\/v2\/users\/1"}],"replies":[{"embeddable":true,"href":"https:\/\/www.donnainfedele.com\/blog\/wp-json\/wp\/v2\/comments?post=556"}],"version-history":[{"count":2,"href":"https:\/\/www.donnainfedele.com\/blog\/wp-json\/wp\/v2\/pages\/556\/revisions"}],"predecessor-version":[{"id":558,"href":"https:\/\/www.donnainfedele.com\/blog\/wp-json\/wp\/v2\/pages\/556\/revisions\/558"}],"wp:attachment":[{"href":"https:\/\/www.donnainfedele.com\/blog\/wp-json\/wp\/v2\/media?parent=556"}],"curies":[{"name":"wp","href":"https:\/\/api.w.org\/{rel}","templated":true}]}}